{"id":1489,"date":"2023-10-14T08:36:50","date_gmt":"2023-10-14T06:36:50","guid":{"rendered":"https:\/\/magdalenafabritius.com\/legal-notices-and-general-sale-conditions\/"},"modified":"2024-02-15T14:43:31","modified_gmt":"2024-02-15T13:43:31","slug":"legal-notices-and-general-sale-conditions","status":"publish","type":"page","link":"https:\/\/magdalenafabritius.com\/pl\/legal-notices-and-general-sale-conditions\/","title":{"rendered":"Informacje prawne i og\u00f3lne warunki sprzeda\u017cy"},"content":{"rendered":"<!-- wp:themify-builder\/canvas \/-->\n\n\n<h2 class=\"wp-block-heading\"><strong>REGULAMIN \u015aWIADCZENIA US\u0141UG I INFORMACJA PRAWNA<\/strong><\/h2>\n\n\n\n<p>Nazwa firmy: Magdalena Fabritius<br>Status: Przedsi\u0119biorca<br>NUMER SYREN: 980297089<br>Zwolniony z rejestracji na podstawie art. L. 123-1-1 kodeksu handlowego.<br>Nie dotyczy podatku VAT, art. 293B CGI<br>Adres: 16 rue de Saint-Louis, 68220 Hesingue<br>Adres email do kontaktu&nbsp;:<br>contakt@magdalenafabritius.com<\/p>\n\n\n\n<p>Odpowiedzialna za publikacj\u0119 na stronie: Magdalena Fabritius <br>Stworzenie serwisu: Katarzyna Nowak, Media in Motion<br>Strona hostowana przez: RCS Lille M\u00e9tropole 424 761 419 00045 Kod APE 2620Z N\u00b0 TVA: FR 22 424 761 419 Si\u00e8ge social: 2 rue Kellermann \u2013 59100 Roubaix \u2013 Francja<\/p>\n\n\n\n<h3 class=\"wp-block-heading\"><strong>ZAKRES US\u0141UG<\/strong><\/h3>\n\n\n\n<p>Us\u0142ugodawca \u015bwiadczy us\u0142ugi w formie konsultacji on-line, konsultacji stacjonarnych oraz konsultacji drog\u0105 elektroniczn\u0105 \u2013 drog\u0105 elektroniczn\u0105 i\/lub za po\u015brednictwem formularzy elektronicznych i komunikator\u00f3w internetowych, a tak\u017ce warsztat\u00f3w, szkole\u0144 i sprzeda\u017cy ebook\u00f3w.<\/p>\n\n\n\n<p>Ka\u017cda konsultacja (w formie indywidualnej b\u0105d\u017a grupowej), niezale\u017cnie od formy jej realizacji, stanowi us\u0142ug\u0119 w rozumieniu niniejszego regulaminu i jest odp\u0142atna.<\/p>\n\n\n\n<p>Ka\u017cda osoba (\u201eKlient\u201d) ma obowi\u0105zek zapozna\u0107 si\u0119 z niniejszym Regulaminem przed skorzystaniem z us\u0142ug Magdaleny Fabritius. Pisemna (e-mailowa) akceptacja oferty przes\u0142anej przez Us\u0142ugodawc\u0119 oznacza akceptacj\u0119 postanowie\u0144 Regulaminu przez Klienta.<\/p>\n\n\n\n<h3 class=\"wp-block-heading\"><strong>CENA, P\u0141ATNO\u015aCI I ZWROTY<\/strong><\/h3>\n\n\n\n<p>Wy\u015bwietlane ceny s\u0105 cenami netto (nie dotyczy podatku VAT, art. 293B CGI), wyra\u017conymi w euro (\u20ac) oraz z\u0142otych (Z\u0142). W\u0142a\u015bciciel serwisu www.magdalenafabritius.com zastrzega sobie prawo do zmiany cen w dowolnym momencie, przy czym faktura za produkt b\u0119dzie realizowana w oparciu o cen\u0119 obowi\u0105zuj\u0105c\u0105 w chwili zatwierdzenia zam\u00f3wienia.<\/p>\n\n\n\n<p>W przypadku nieobecno\u015bci lub wycofania si\u0119 Klienta z Us\u0142ugi, z jakiejkolwiek przyczyny, Klient pozostanie odpowiedzialny za op\u0142acenie proporcjonalnej cz\u0119\u015bci zrealizowanego programu, plus op\u0142ata za anulowanie w wysoko\u015bci 50 euro. Odwo\u0142anie sesji musi nast\u0105pi\u0107 najp\u00f3\u017aniej na 24 godziny przed planowanym terminem. Po tym terminie klient jest zobowi\u0105zany ui\u015bci\u0107 100 % kwoty za niewykorzystan\u0105 sesj\u0119.<\/p>\n\n\n\n<p>W przypadku, gdy Klient po zawarciu umowy i dokonaniu p\u0142atno\u015bci nie b\u0119dzie m\u00f3g\u0142 uczestniczy\u0107 w sesji w ustalonym wcze\u015bniej terminie, lecz poinformuje o tym Us\u0142ugodawc\u0119 pisemnie (elektronicznie) do 48 godzin przed dat\u0105 zaplanowanej sesji, b\u0119dzie m\u00f3g\u0142 odby\u0107 sesj\u0119 w terminie dogodnym dla siebie oraz us\u0142ugodawcy, z uwzgl\u0119dnieniem termin\u00f3w okre\u015blonych w niniejszym Regulaminie.<\/p>\n\n\n\n<p>Us\u0142ugodawca zastrzega sobie prawo do anulowania programu, je\u017celi w dowolnym momencie uzna, \u017ce kontynuacja programu nie jest korzystna dla klienta. W takim przypadku Klient odpowiada jedynie za proporcjonaln\u0105 cz\u0119\u015b\u0107 otrzymanych us\u0142ug.<\/p>\n\n\n\n<h3 class=\"wp-block-heading\"><strong>DEKLARACJA KLIENTA<\/strong><\/h3>\n\n\n\n<p>Uczestnicz\u0105c w sesjach Klient otrzymuje wiedz\u0119 i metody dzia\u0142ania z zakresu obj\u0119tego sesjami. W razie potrzeby informacje te b\u0119d\u0105 tak\u017ce zawarte w materia\u0142ach przekazywanych Klientowi. Us\u0142ugodawca nie ponosi odpowiedzialno\u015bci i nie daje Klientowi gwarancji osi\u0105gni\u0119cia zamierzonych efekt\u00f3w zwi\u0105zanych z zakresem tematycznym sesji. Klient ponosi odpowiedzialno\u015b\u0107 za spos\u00f3b wykorzystania przedstawionych mu sposob\u00f3w dzia\u0142ania, ze szczeg\u00f3lnym uwzgl\u0119dnieniem wykorzystania ich w spos\u00f3b niezgodny z instrukcjami Us\u0142ugodawcy.<\/p>\n\n\n\n<p>Klient o\u015bwiadcza, \u017ce nie b\u0119dzie zg\u0142asza\u0142 \u017cadnych roszcze\u0144 w stosunku do us\u0142ugodawcy w zwi\u0105zku z czynno\u015bciami i wydarzeniami, w kt\u00f3rych bra\u0142 udzia\u0142.<\/p>\n\n\n\n<p>Klient, kt\u00f3ry b\u0119dzie bra\u0142 udzia\u0142 w sesjach organizowanych przez Us\u0142ugodawc\u0119 o\u015bwiadcza, \u017ce nie b\u0119dzie ich nagrywa\u0142 ani rozpowszechnia\u0142 w \u017cadnej formie. Wszystkie materia\u0142y stworzone przez Us\u0142ugodawc\u0119 podlegaj\u0105 ochronie prawa autorskiego i s\u0105 udost\u0119pniane Us\u0142ugobiorcy wy\u0142\u0105cznie do u\u017cytku prywatnego. Materia\u0142y stworzone przez Us\u0142ugodawc\u0119 nie mog\u0105 by\u0107 sprzedawane, odsprzedawane ani udost\u0119pniane publicznie osobom nieuczestnicz\u0105cym w sesjach prowadzonych przez Us\u0142ugodawc\u0119.<\/p>\n\n\n\n<p>Klient wyra\u017ca zgod\u0119 na otrzymywanie tre\u015bci cyfrowych, kt\u00f3re dostarczane s\u0105 drog\u0105 elektroniczn\u0105 w formie za\u0142\u0105cznika.<\/p>\n\n\n\n<h3 class=\"wp-block-heading\"><strong>WY\u0141\u0104CZENIA<\/strong><\/h3>\n\n\n\n<p>Klient rozumie, \u017ce rol\u0105 Doradcy nie jest prowadzenie terapii, diagnozowanie, leczenie ani wyleczenie jakiegokolwiek schorzenia lub innej dolegliwo\u015bci fizycznej lub psychicznej. Doradca raczej doradza, dzieli si\u0119 wiedz\u0105 i wspiera nauk\u0119 poprzez podej\u015bcie holistyczne. Doradca wspiera klient\u00f3w w osi\u0105ganiu w\u0142asnych cel\u00f3w, pomagaj\u0105c klientom we wdra\u017caniu pozytywnych, trwa\u0142ych zmian w stylu \u017cycia. Klient rozumie, \u017ce Doradca nie dzia\u0142a w charakterze terapeuty, psychologa ani innego licencjonowanego lub zarejestrowanego specjalisty i \u017ce wszelkie porady udzielone przez Doradc\u0119 nie maj\u0105 na celu zast\u0105pi\u0107 porady tych specjalist\u00f3w.<\/p>\n\n\n\n<p>Je\u017celi Klient znajduje si\u0119 pod opiek\u0105 lekarza lub aktualnie za\u017cywa leki na recept\u0119, powinien najpierw om\u00f3wi\u0107 zakres \u015bwiadczenia us\u0142ug ze swoim lekarzem. Klient zdecydowa\u0142 si\u0119 na wsp\u00f3\u0142prac\u0119 z Doradc\u0105 i rozumie, \u017ce otrzymane informacje nie powinny by\u0107 postrzegane jako porada psychologiczna lub terapeutyczna i nie mog\u0105 zast\u0119powa\u0107 wizyty u licencjonowanych pracownik\u00f3w s\u0142u\u017cby zdrowia.<\/p>\n\n\n\n<h3 class=\"wp-block-heading\"><strong>ODPOWIEDZIALNO\u015a\u0106 OSOBISTA I ZWOLNIENIE Z ROSZCZE\u0143 ZWI\u0104ZANYCH Z OPIEK\u0104 ZDROWIA PSYCHICZNEGO<\/strong><\/h3>\n\n\n\n<p>Klient przyjmuje do wiadomo\u015bci, \u017ce bierze pe\u0142n\u0105 odpowiedzialno\u015b\u0107 za swoje \u017cycie i dobro, a tak\u017ce \u017cycie i dobro jego rodziny i dzieci oraz za wszystkie decyzje podj\u0119te w trakcie i po zako\u0144czeniu programu. Klient zwalnia Doradc\u0119 z wszelkiej odpowiedzialno\u015bci, odszkodowa\u0144, podstaw pow\u00f3dztwa, zarzut\u00f3w, pozw\u00f3w, kwot pieni\u0119\u017cnych, roszcze\u0144 i \u017c\u0105da\u0144 prawnych lub s\u0142usznych, jakie Klient kiedykolwiek mia\u0142, teraz ma lub b\u0119dzie mia\u0142 w przysz\u0142o\u015bci wobec Doradcy, wynikaj\u0105ce z przesz\u0142ego lub przysz\u0142ego udzia\u0142u Klienta w doradztwie lub z innego powodu w zwi\u0105zku z doradztwem.<\/p>\n\n\n\n<h3 class=\"wp-block-heading\"><strong>OCHRONA I DANYCH OSOBOWYCH<\/strong><\/h3>\n\n\n\n<p>Robimy wszystko, co w naszej mocy, aby zapewni\u0107 doskona\u0142e bezpiecze\u0144stwo Twoich danych osobowych. Zapoznaj si\u0119 z sekcj\u0105 \u201ePolityka prywatno\u015bci i plik\u00f3w cookies\u201d.<\/p>\n\n\n\n<h3 class=\"wp-block-heading\"><strong>W\u0141ASNO\u015a\u0106 INTELEKTUALNA<\/strong><\/h3>\n\n\n\n<p>Tre\u015b\u0107 witryny www.magdalenafabritius.com oraz oferowane na niej produkty stanowi\u0105 wy\u0142\u0105czn\u0105 w\u0142asno\u015b\u0107 w\u0142a\u015bciciela witryny, chyba \u017ce zaznaczono inaczej. Jakakolwiek ca\u0142kowita lub cz\u0119\u015bciowa reprodukcja tej witryny przez jak\u0105kolwiek osob\u0119 bez zgody w\u0142a\u015bciciela jest zabroniona i stanowi naruszenie prawa na podstawie artyku\u0142\u00f3w L. 335-2 i nast. Kodeksu W\u0142asno\u015bci Intelektualnej. Zgodnie z art. L. 122-5 Kodeksu w\u0142asno\u015bci intelektualnej dozwolone jest kr\u00f3tkie cytowanie tre\u015bci, pod warunkiem wyra\u017anego wskazania nazwiska autora i \u017ar\u00f3d\u0142a, poprzez hiper\u0142\u0105cze do jednej ze stron niniejszego serwisu.<\/p>\n\n\n\n<h3 class=\"wp-block-heading\"><strong>WA\u017bNO\u015a\u0106 INFORMACJI<\/strong><\/h3>\n\n\n\n<p>Informacje zawarte na tej stronie s\u0142u\u017c\u0105 celom og\u00f3lnych informacji, udost\u0119pniania, wymiany, uczenia si\u0119 i nie ro\u015bci sobie prawa do absolutnej prawdy. Nie jest to forma terapii i nie mo\u017ce jej zast\u0105pi\u0107. Strona internetowa mo\u017ce ulec zmianie bez powiadomienia. W\u0142a\u015bciciel nie ponosi odpowiedzialno\u015bci za jakiekolwiek szkody powsta\u0142e w wyniku dost\u0119pu lub braku dost\u0119pu do tej witryny oraz korzystania lub niezawodno\u015bci witryny lub jej zawarto\u015bci.<\/p>\n\n\n\n<h3 class=\"wp-block-heading\"><strong>OBOWI\u0104ZUJ\u0104CE PRAWO<\/strong><\/h3>\n\n\n\n<p>Wszystkie klauzule zawarte w niniejszych og\u00f3lnych warunkach sprzeda\u017cy, a tak\u017ce wszystkie operacje kupna i sprzeda\u017cy, o kt\u00f3rych mowa w tych og\u00f3lnych warunkach sprzeda\u017cy, b\u0119d\u0105 podlega\u0107 prawu francuskiemu.<\/p>\n","protected":false},"excerpt":{"rendered":"<p>REGULAMIN \u015aWIADCZENIA US\u0141UG I INFORMACJA PRAWNA Nazwa firmy: Magdalena FabritiusStatus: Przedsi\u0119biorcaNUMER SYREN: 980297089Zwolniony z rejestracji na podstawie art. L. 123-1-1 kodeksu handlowego.Nie dotyczy podatku VAT, art. 293B CGIAdres: 16 rue de Saint-Louis, 68220 HesingueAdres email do kontaktu&nbsp;:contakt@magdalenafabritius.com Odpowiedzialna za publikacj\u0119 na stronie: Magdalena Fabritius Stworzenie serwisu: Katarzyna Nowak, Media in MotionStrona hostowana przez: RCS Lille [&hellip;]<\/p>\n","protected":false},"author":1,"featured_media":0,"parent":0,"menu_order":0,"comment_status":"closed","ping_status":"closed","template":"","meta":{"footnotes":""},"class_list":["post-1489","page","type-page","status-publish","hentry","has-post-title","has-post-date","has-post-category","has-post-tag","has-post-comment","has-post-author",""],"yoast_head":"<!-- This site is optimized with the Yoast SEO plugin v27.2 - https:\/\/yoast.com\/product\/yoast-seo-wordpress\/ -->\n<title>Informacje prawne i og\u00f3lne warunki sprzeda\u017cy - Magdalena Fabritius<\/title>\n<meta name=\"robots\" content=\"index, follow, max-snippet:-1, max-image-preview:large, max-video-preview:-1\" \/>\n<link rel=\"canonical\" href=\"https:\/\/magdalenafabritius.com\/pl\/legal-notices-and-general-sale-conditions\/\" \/>\n<meta property=\"og:locale\" content=\"pl_PL\" \/>\n<meta property=\"og:type\" content=\"article\" \/>\n<meta property=\"og:title\" content=\"Informacje prawne i og\u00f3lne warunki sprzeda\u017cy - Magdalena Fabritius\" \/>\n<meta property=\"og:description\" content=\"REGULAMIN \u015aWIADCZENIA US\u0141UG I INFORMACJA PRAWNA Nazwa firmy: Magdalena FabritiusStatus: Przedsi\u0119biorcaNUMER SYREN: 980297089Zwolniony z rejestracji na podstawie art. L. 123-1-1 kodeksu handlowego.Nie dotyczy podatku VAT, art. 293B CGIAdres: 16 rue de Saint-Louis, 68220 HesingueAdres email do kontaktu&nbsp;:contakt@magdalenafabritius.com Odpowiedzialna za publikacj\u0119 na stronie: Magdalena Fabritius Stworzenie serwisu: Katarzyna Nowak, Media in MotionStrona hostowana przez: RCS Lille [&hellip;]\" \/>\n<meta property=\"og:url\" content=\"https:\/\/magdalenafabritius.com\/pl\/legal-notices-and-general-sale-conditions\/\" \/>\n<meta property=\"og:site_name\" content=\"Magdalena Fabritius\" \/>\n<meta property=\"article:modified_time\" content=\"2024-02-15T13:43:31+00:00\" \/>\n<meta name=\"twitter:card\" content=\"summary_large_image\" \/>\n<meta name=\"twitter:label1\" content=\"Szacowany czas czytania\" \/>\n\t<meta name=\"twitter:data1\" content=\"5 minut\" \/>\n<script type=\"application\/ld+json\" class=\"yoast-schema-graph\">{\"@context\":\"https:\/\/schema.org\",\"@graph\":[{\"@type\":\"WebPage\",\"@id\":\"https:\/\/magdalenafabritius.com\/pl\/legal-notices-and-general-sale-conditions\/\",\"url\":\"https:\/\/magdalenafabritius.com\/pl\/legal-notices-and-general-sale-conditions\/\",\"name\":\"Informacje prawne i og\u00f3lne warunki sprzeda\u017cy - Magdalena Fabritius\",\"isPartOf\":{\"@id\":\"https:\/\/magdalenafabritius.com\/pl\/#website\"},\"datePublished\":\"2023-10-14T06:36:50+00:00\",\"dateModified\":\"2024-02-15T13:43:31+00:00\",\"breadcrumb\":{\"@id\":\"https:\/\/magdalenafabritius.com\/pl\/legal-notices-and-general-sale-conditions\/#breadcrumb\"},\"inLanguage\":\"pl-PL\",\"potentialAction\":[{\"@type\":\"ReadAction\",\"target\":[\"https:\/\/magdalenafabritius.com\/pl\/legal-notices-and-general-sale-conditions\/\"]}]},{\"@type\":\"BreadcrumbList\",\"@id\":\"https:\/\/magdalenafabritius.com\/pl\/legal-notices-and-general-sale-conditions\/#breadcrumb\",\"itemListElement\":[{\"@type\":\"ListItem\",\"position\":1,\"name\":\"Home\",\"item\":\"https:\/\/magdalenafabritius.com\/pl\/\"},{\"@type\":\"ListItem\",\"position\":2,\"name\":\"Informacje prawne i og\u00f3lne warunki sprzeda\u017cy\"}]},{\"@type\":\"WebSite\",\"@id\":\"https:\/\/magdalenafabritius.com\/pl\/#website\",\"url\":\"https:\/\/magdalenafabritius.com\/pl\/\",\"name\":\"Magdalena Fabritius\",\"description\":\"Good relationships\",\"publisher\":{\"@id\":\"https:\/\/magdalenafabritius.com\/pl\/#\/schema\/person\/cd7f84f38a7d7fdb03138b941b33e703\"},\"potentialAction\":[{\"@type\":\"SearchAction\",\"target\":{\"@type\":\"EntryPoint\",\"urlTemplate\":\"https:\/\/magdalenafabritius.com\/pl\/?s={search_term_string}\"},\"query-input\":{\"@type\":\"PropertyValueSpecification\",\"valueRequired\":true,\"valueName\":\"search_term_string\"}}],\"inLanguage\":\"pl-PL\"},{\"@type\":[\"Person\",\"Organization\"],\"@id\":\"https:\/\/magdalenafabritius.com\/pl\/#\/schema\/person\/cd7f84f38a7d7fdb03138b941b33e703\",\"name\":\"lena_adm\",\"image\":{\"@type\":\"ImageObject\",\"inLanguage\":\"pl-PL\",\"@id\":\"https:\/\/magdalenafabritius.com\/wp-content\/uploads\/2023\/04\/kwiatek5.svg\",\"url\":\"https:\/\/magdalenafabritius.com\/wp-content\/uploads\/2023\/04\/kwiatek5.svg\",\"contentUrl\":\"https:\/\/magdalenafabritius.com\/wp-content\/uploads\/2023\/04\/kwiatek5.svg\",\"width\":1,\"height\":1,\"caption\":\"lena_adm\"},\"logo\":{\"@id\":\"https:\/\/magdalenafabritius.com\/wp-content\/uploads\/2023\/04\/kwiatek5.svg\"}}]}<\/script>\n<!-- \/ Yoast SEO plugin. -->","yoast_head_json":{"title":"Informacje prawne i og\u00f3lne warunki sprzeda\u017cy - Magdalena Fabritius","robots":{"index":"index","follow":"follow","max-snippet":"max-snippet:-1","max-image-preview":"max-image-preview:large","max-video-preview":"max-video-preview:-1"},"canonical":"https:\/\/magdalenafabritius.com\/pl\/legal-notices-and-general-sale-conditions\/","og_locale":"pl_PL","og_type":"article","og_title":"Informacje prawne i og\u00f3lne warunki sprzeda\u017cy - Magdalena Fabritius","og_description":"REGULAMIN \u015aWIADCZENIA US\u0141UG I INFORMACJA PRAWNA Nazwa firmy: Magdalena FabritiusStatus: Przedsi\u0119biorcaNUMER SYREN: 980297089Zwolniony z rejestracji na podstawie art. L. 123-1-1 kodeksu handlowego.Nie dotyczy podatku VAT, art. 293B CGIAdres: 16 rue de Saint-Louis, 68220 HesingueAdres email do kontaktu&nbsp;:contakt@magdalenafabritius.com Odpowiedzialna za publikacj\u0119 na stronie: Magdalena Fabritius Stworzenie serwisu: Katarzyna Nowak, Media in MotionStrona hostowana przez: RCS Lille [&hellip;]","og_url":"https:\/\/magdalenafabritius.com\/pl\/legal-notices-and-general-sale-conditions\/","og_site_name":"Magdalena Fabritius","article_modified_time":"2024-02-15T13:43:31+00:00","twitter_card":"summary_large_image","twitter_misc":{"Szacowany czas czytania":"5 minut"},"schema":{"@context":"https:\/\/schema.org","@graph":[{"@type":"WebPage","@id":"https:\/\/magdalenafabritius.com\/pl\/legal-notices-and-general-sale-conditions\/","url":"https:\/\/magdalenafabritius.com\/pl\/legal-notices-and-general-sale-conditions\/","name":"Informacje prawne i og\u00f3lne warunki sprzeda\u017cy - Magdalena Fabritius","isPartOf":{"@id":"https:\/\/magdalenafabritius.com\/pl\/#website"},"datePublished":"2023-10-14T06:36:50+00:00","dateModified":"2024-02-15T13:43:31+00:00","breadcrumb":{"@id":"https:\/\/magdalenafabritius.com\/pl\/legal-notices-and-general-sale-conditions\/#breadcrumb"},"inLanguage":"pl-PL","potentialAction":[{"@type":"ReadAction","target":["https:\/\/magdalenafabritius.com\/pl\/legal-notices-and-general-sale-conditions\/"]}]},{"@type":"BreadcrumbList","@id":"https:\/\/magdalenafabritius.com\/pl\/legal-notices-and-general-sale-conditions\/#breadcrumb","itemListElement":[{"@type":"ListItem","position":1,"name":"Home","item":"https:\/\/magdalenafabritius.com\/pl\/"},{"@type":"ListItem","position":2,"name":"Informacje prawne i og\u00f3lne warunki sprzeda\u017cy"}]},{"@type":"WebSite","@id":"https:\/\/magdalenafabritius.com\/pl\/#website","url":"https:\/\/magdalenafabritius.com\/pl\/","name":"Magdalena Fabritius","description":"Good relationships","publisher":{"@id":"https:\/\/magdalenafabritius.com\/pl\/#\/schema\/person\/cd7f84f38a7d7fdb03138b941b33e703"},"potentialAction":[{"@type":"SearchAction","target":{"@type":"EntryPoint","urlTemplate":"https:\/\/magdalenafabritius.com\/pl\/?s={search_term_string}"},"query-input":{"@type":"PropertyValueSpecification","valueRequired":true,"valueName":"search_term_string"}}],"inLanguage":"pl-PL"},{"@type":["Person","Organization"],"@id":"https:\/\/magdalenafabritius.com\/pl\/#\/schema\/person\/cd7f84f38a7d7fdb03138b941b33e703","name":"lena_adm","image":{"@type":"ImageObject","inLanguage":"pl-PL","@id":"https:\/\/magdalenafabritius.com\/wp-content\/uploads\/2023\/04\/kwiatek5.svg","url":"https:\/\/magdalenafabritius.com\/wp-content\/uploads\/2023\/04\/kwiatek5.svg","contentUrl":"https:\/\/magdalenafabritius.com\/wp-content\/uploads\/2023\/04\/kwiatek5.svg","width":1,"height":1,"caption":"lena_adm"},"logo":{"@id":"https:\/\/magdalenafabritius.com\/wp-content\/uploads\/2023\/04\/kwiatek5.svg"}}]}},"builder_content":"","_links":{"self":[{"href":"https:\/\/magdalenafabritius.com\/pl\/wp-json\/wp\/v2\/pages\/1489","targetHints":{"allow":["GET"]}}],"collection":[{"href":"https:\/\/magdalenafabritius.com\/pl\/wp-json\/wp\/v2\/pages"}],"about":[{"href":"https:\/\/magdalenafabritius.com\/pl\/wp-json\/wp\/v2\/types\/page"}],"author":[{"embeddable":true,"href":"https:\/\/magdalenafabritius.com\/pl\/wp-json\/wp\/v2\/users\/1"}],"replies":[{"embeddable":true,"href":"https:\/\/magdalenafabritius.com\/pl\/wp-json\/wp\/v2\/comments?post=1489"}],"version-history":[{"count":9,"href":"https:\/\/magdalenafabritius.com\/pl\/wp-json\/wp\/v2\/pages\/1489\/revisions"}],"predecessor-version":[{"id":1690,"href":"https:\/\/magdalenafabritius.com\/pl\/wp-json\/wp\/v2\/pages\/1489\/revisions\/1690"}],"wp:attachment":[{"href":"https:\/\/magdalenafabritius.com\/pl\/wp-json\/wp\/v2\/media?parent=1489"}],"curies":[{"name":"wp","href":"https:\/\/api.w.org\/{rel}","templated":true}]}}