{"id":1490,"date":"2023-06-22T13:06:20","date_gmt":"2023-06-22T11:06:20","guid":{"rendered":"https:\/\/magdalenafabritius.com\/privacy-policy\/"},"modified":"2024-02-15T20:35:30","modified_gmt":"2024-02-15T19:35:30","slug":"privacy-policy","status":"publish","type":"page","link":"https:\/\/magdalenafabritius.com\/pl\/privacy-policy\/","title":{"rendered":"Polityka prywatno\u015bci"},"content":{"rendered":"<!-- wp:themify-builder\/canvas \/-->\n\n\n<h2 class=\"wp-block-heading\">Polityka prywatno\u015bci i plik\u00f3w cookies<\/h2>\n\n\n\n<h2 class=\"wp-block-heading\">Og\u00f3lne informacje<\/h2>\n\n\n\n<p>Polityka prywatno\u015bci i plik\u00f3w cookies stanowi podstawowe informacje o celach, sposobach przetwarzania i bezpiecze\u0144stwie Twoich danych osobowych jako u\u017cytkownika strony internetowej: magdalenafabritius.com, w tym zasady przetwarzania i ochrony danych osobowych oraz stosowania plik\u00f3w cookies i innych technologii takich jak Google Analitycs czy Universal Analytics. U\u017cytkownik zapoznaj\u0105c si\u0119 z Polityk\u0105 prywatno\u015bci i plik\u00f3w cookies dowiaduje si\u0119, kto jest administratorem danych osobowych, jakie dane osobowe zbiera Serwis, w jakich celach s\u0105 wykorzystywane i w jaki spos\u00f3b s\u0105 chronione.<\/p>\n\n\n\n<p>Na potrzeby niniejszej Polityki stosuje si\u0119 nast\u0119puj\u0105ce znaczenia poni\u017cszych termin\u00f3w:<\/p>\n\n\n\n<ul class=\"wp-block-list\">\n<li>Administrator Magdalena Fabritius \u2013 w\u0142a\u015bcicielka serwisu. Kontakt z Administratorem mo\u017cliwy jest poprzez: e-mail: contact@magdalenafabritius.com<\/li>\n\n\n\n<li>Serwis \u2013 serwis internetowy dost\u0119pny pod adresem magdalenafabritius.com<\/li>\n\n\n\n<li>U\u017cytkownik \u2013 ka\u017cdy podmiot przegl\u0105daj\u0105cy zawarto\u015b\u0107 Serwisu.<\/li>\n\n\n\n<li>RODO \u2013 Rozporz\u0105dzenie Parlamentu Europejskiego i Rady (UE) 2016\/679 z dnia 27 kwietnia 2016 r. w sprawie ochrony os\u00f3b fizycznych w zwi\u0105zku z przetwarzaniem danych osobowych i w sprawie swobodnego przep\u0142ywu takich danych oraz uchylenia dyrektywy 95\/46 \/KE (Dz.U.UE.L.2016.119.1).<\/li>\n<\/ul>\n\n\n\n<h2 class=\"wp-block-heading\">Dane osobowe<\/h2>\n\n\n\n<ol class=\"wp-block-list\">\n<li>Administratorem danych osobowych U\u017cytkownika w rozumieniu RODO i ustawy o ochronie danych osobowych jest Administrator.<\/li>\n\n\n\n<li>Administrator przetwarza dane osobowe z poszanowaniem nast\u0119puj\u0105cych zasad:<br>\u2013 w oparciu o podstaw\u0119 prawn\u0105 i zgodnie z prawem (legalizm);<br>\u2013 rzetelnie i uczciwie (rzetelno\u015b\u0107);<br>\u2013 w spos\u00f3b przejrzysty dla osoby, kt\u00f3rej dane dotycz\u0105 (przejrzysto\u015b\u0107);<br>\u2013 w okre\u015blonych celach (minimalizacja);<br>\u2013 poszanowanie zasady adekwatno\u015bci;<br>\u2013 z dba\u0142o\u015bci\u0105 o prawid\u0142owo\u015b\u0107 danych (poprawno\u015b\u0107);<br>\u2013 nie d\u0142u\u017cej ni\u017c to konieczne (tymczasowo\u015b\u0107);<br>\u2013 zapewnienie odpowiedniego bezpiecze\u0144stwa danych (bezpiecze\u0144stwo).<\/li>\n\n\n\n<li>U\u017cytkownik mo\u017ce przekaza\u0107 swoje dane osobowe Administratorowi korzystaj\u0105c z formularzy dost\u0119pnych w Serwisie, w szczeg\u00f3lno\u015bci formularza zapisu na newsletter oraz formularza kontaktowego.<\/li>\n\n\n\n<li>Podstaw\u0105 prawn\u0105 przetwarzania danych osobowych U\u017cytkownik\u00f3w jest dobrowolna, konkretna, \u015bwiadoma i jednoznaczna zgoda U\u017cytkownika wyra\u017cona za pomoc\u0105 odpowiedniego formularza w Serwisie.<\/li>\n\n\n\n<li>Dane osobowe b\u0119d\u0105 przetwarzane:<br>\u2013 w celach kontaktowych, w celu udzielenia odpowiedzi na wiadomo\u015b\u0107 przes\u0142an\u0105 bezpo\u015brednio e-mailem lub poprzez formularz w oparciu o realizacj\u0119 prawnie uzasadnionego interesu<br>Administratora Danych Osobowych, zwi\u0105zanego z konieczno\u015bci\u0105 udzielenia odpowiedzi;<br>\u2013 w celach marketingowych, w przypadku zapisania si\u0119 do newslettera;<br>\u2013 w celu realizacji zam\u00f3wienia, na podstawie zawartej umowy;<br>\u2013 w celu komentowania materia\u0142\u00f3w zamieszczonych w Serwisie na podstawie prawnie uzasadnionego interesu zwi\u0105zanego z mo\u017cliwo\u015bci\u0105 komentowania tre\u015bci Serwisu;<br>\u2013 w celach statystycznych, analitycznych oraz monitorowania ruchu w Serwisie za pomoc\u0105 plik\u00f3w cookies, w oparciu o realizacj\u0119 prawnie uzasadnionego interesu Administratora, zwi\u0105zanego z prawid\u0142owym dzia\u0142aniem i funkcjonowaniem Serwisu oraz prowadzeniem analizy ruchu w Serwisie.<\/li>\n\n\n\n<li>Dane osobowe mog\u0105 by\u0107 przetwarzane tak\u017ce w przypadkach, gdy Administrator jest upowa\u017cniony do przetwarzania danych osobowych na podstawie przepis\u00f3w prawa lub w celu realizacji zawartej pomi\u0119dzy stronami umowy.<\/li>\n\n\n\n<li>Dane osobowe przekazane Administratorowi przez U\u017cytkownika w ramach formularza ankiety oraz w wiadomo\u015bci e-mail przetwarzane s\u0105 w celu realizacji umowy zawartej na odleg\u0142o\u015b\u0107. Podanie danych osobowych przez U\u017cytkownika jest dobrowolne, ale niezb\u0119dne do zawarcia przez U\u017cytkownika umowy z Administratorem. Dane te b\u0119d\u0105 przetwarzane przez czas realizacji zam\u00f3wienia oraz realizacj\u0119 obowi\u0105zk\u00f3w ustawowych ci\u0105\u017c\u0105cych na Administratorze (np. podatkowych i rachunkowych), a tak\u017ce w przypadku ewentualnych roszcze\u0144.<\/li>\n\n\n\n<li>Dane osobowe przekazane Administratorowi przez U\u017cytkownika w ramach formularza zapisu do newslettera przetwarzane s\u0105 w celu \u015bwiadczenia us\u0142ugi newslettera zawieraj\u0105cego informacje o nowo\u015bciach na blogu, organizowanych webinarach oraz ofertach us\u0142ug oferowanych przez Administratora. Podanie danych osobowych przez U\u017cytkownika jest dobrowolne, ale niezb\u0119dne do zapisania si\u0119 i otrzymywania newslettera. Przetwarzanie danych odbywa si\u0119 na podstawie umowy (podstawa prawna art. 6 ust. 1 lit. b RODO) zawartej przy wykorzystaniu formularza zapisu na newsletter. U\u017cytkownik mo\u017ce rozwi\u0105za\u0107 umow\u0119 poprzez rezygnacj\u0119 z subskrypcji zgodnie z instrukcj\u0105 zawart\u0105 w ka\u017cdym Newsletterze lub poprzez przes\u0142anie stosownego o\u015bwiadczenia na adres poczty elektronicznej Administratora.<\/li>\n\n\n\n<li>Dane osobowe przekazane Administratorowi przez U\u017cytkownika w ramach formularza kontaktowego przetwarzane s\u0105 w celu udzielenia odpowiedzi na zapytanie przes\u0142ane za po\u015brednictwem formularza. Podanie danych osobowych przez U\u017cytkownika jest dobrowolne, ale niezb\u0119dne do otrzymania przez U\u017cytkownika odpowiedzi. Przetwarzanie danych w tym celu odbywa si\u0119 na podstawie prawnie uzasadnionego interesu realizowanego przez administratora (art. 6 ust. 1 lit. f RODO). Dane te b\u0119d\u0105 przetwarzane do czasu zako\u0144czenia korespondencji oraz 2 lata po jej zako\u0144czeniu.<\/li>\n\n\n\n<li>Administrator mo\u017ce powierzy\u0107 dane osobowe innym podmiotom za pomoc\u0105 kt\u00f3rych realizuje cele wskazane w poprzednich punktach (np. firmom \u015bwiadcz\u0105cym us\u0142ugi hostingowe oraz firmie ksi\u0119gowej).<\/li>\n\n\n\n<li>Dane osobowe U\u017cytkownika nie b\u0119d\u0105 przekazywane odbiorcom z pa\u0144stw trzecich lub organizacji mi\u0119dzynarodowych, kt\u00f3re nie zapewniaj\u0105 odpowiedniego stopnia ochrony. Odpowiedni poziom ochrony musi zosta\u0107 potwierdzony odpowiedni\u0105 decyzj\u0105 Komisji Europejskiej lub innym wi\u0105\u017c\u0105cym instrumentem prawnym.<\/li>\n\n\n\n<li>Administrator gwarantuje poufno\u015b\u0107 wszelkich przekazanych mu danych osobowych.<\/li>\n<\/ol>\n\n\n\n<h2 class=\"wp-block-heading\">Odbiorcy danych<\/h2>\n\n\n\n<ol class=\"wp-block-list\">\n<li>Odbiorcami danych osobowych s\u0105:<br>\u2013 podmiot dostarczaj\u0105cy oprogramowanie umo\u017cliwiaj\u0105ce analiz\u0119 ruchu w naszym serwisie (np. Google Analytics lub Universal Analytics);<br>\u2013 po\u015brednicy p\u0142atno\u015bci internetowych;<br>\u2013 w przypadku um\u00f3wienia si\u0119 na bezp\u0142atn\u0105 konsultacj\u0119 dane zostan\u0105 przekazane podmiotowi<br>udost\u0119pniaj\u0105cemu oprogramowanie do planowania spotka\u0144;<br>\u2013 w przypadku zapisania si\u0119 przez U\u017cytkownika do newslettera dane b\u0119d\u0105 przekazywane podmiotowi prowadz\u0105cemu newsletter;<br>\u2013 \u2013 w przypadku dodania komentarza w serwisie dane zostan\u0105 przekazane podmiotowi<br>obs\u0142uguj\u0105cemu modu\u0142 komentarzy.<\/li>\n\n\n\n<li>Dane U\u017cytkownik\u00f3w nie s\u0105 przekazywane do pa\u0144stwa spoza EOG ani do organizacji mi\u0119dzynarodowej.<\/li>\n<\/ol>\n\n\n\n<h2 class=\"wp-block-heading\">Okres przechowywania danych<\/h2>\n\n\n\n<p>W przypadku podania danych w wiadomo\u015bci przes\u0142anej e-mailem lub za po\u015brednictwem formularza, dane osobowe b\u0119d\u0105 przetwarzane do czasu zg\u0142oszenia \u017c\u0105dania ich usuni\u0119cia lub wniesienia sprzeciwu wobec przetwarzania.<\/p>\n\n\n\n<p>W przypadku zapisu na newsletter dane b\u0119d\u0105 przetwarzane do czasu wycofania zapisu.<\/p>\n\n\n\n<p>W przypadku pozostawienia komentarza pod udost\u0119pnionym materia\u0142em dane b\u0119d\u0105 przetwarzane do czasu usuni\u0119cia komentarza.<\/p>\n\n\n\n<h2 class=\"wp-block-heading\">Prawa u\u017cytkownik\u00f3w<\/h2>\n\n\n\n<p>W zwi\u0105zku z przetwarzaniem danych przys\u0142uguj\u0105 Ci nast\u0119puj\u0105ce prawa:<br>\u2013 dost\u0119p do tre\u015bci danych<br>\u2013 prawo do sprostowania, usuni\u0119cia, ograniczenia przetwarzania,<br>\u2013 prawo do przenoszenia danych,<br>\u2013 prawo do sprzeciwu,<br>\u2013 prawo do cofni\u0119cia zgody na ich przetwarzanie w dowolnym momencie i w dowolnej formie, chyba \u017ce przetwarzanie danych odbywa si\u0119 w celu wykonania umowy przez Administratora, w celu wywi\u0105zania si\u0119 przez Administratora z jego obowi\u0105zk\u00f3w prawnych wobec instytucji pa\u0144stwowych lub w celu realizacji prawnie uzasadnionych interes\u00f3w Administratora.<\/p>\n","protected":false},"excerpt":{"rendered":"<p>Polityka prywatno\u015bci i plik\u00f3w cookies Og\u00f3lne informacje Polityka prywatno\u015bci i plik\u00f3w cookies stanowi podstawowe informacje o celach, sposobach przetwarzania i bezpiecze\u0144stwie Twoich danych osobowych jako u\u017cytkownika strony internetowej: magdalenafabritius.com, w tym zasady przetwarzania i ochrony danych osobowych oraz stosowania plik\u00f3w cookies i innych technologii takich jak Google Analitycs czy Universal Analytics. U\u017cytkownik zapoznaj\u0105c si\u0119 z [&hellip;]<\/p>\n","protected":false},"author":1,"featured_media":0,"parent":0,"menu_order":0,"comment_status":"closed","ping_status":"closed","template":"","meta":{"footnotes":""},"class_list":["post-1490","page","type-page","status-publish","hentry","has-post-title","has-post-date","has-post-category","has-post-tag","has-post-comment","has-post-author",""],"yoast_head":"<!-- This site is optimized with the Yoast SEO plugin v27.4 - https:\/\/yoast.com\/product\/yoast-seo-wordpress\/ -->\n<title>Polityka prywatno\u015bci - Magdalena Fabritius<\/title>\n<meta name=\"robots\" content=\"index, follow, max-snippet:-1, max-image-preview:large, max-video-preview:-1\" \/>\n<link rel=\"canonical\" href=\"https:\/\/magdalenafabritius.com\/pl\/privacy-policy\/\" \/>\n<meta property=\"og:locale\" content=\"pl_PL\" \/>\n<meta property=\"og:type\" content=\"article\" \/>\n<meta property=\"og:title\" content=\"Polityka prywatno\u015bci - Magdalena Fabritius\" \/>\n<meta property=\"og:description\" content=\"Polityka prywatno\u015bci i plik\u00f3w cookies Og\u00f3lne informacje Polityka prywatno\u015bci i plik\u00f3w cookies stanowi podstawowe informacje o celach, sposobach przetwarzania i bezpiecze\u0144stwie Twoich danych osobowych jako u\u017cytkownika strony internetowej: magdalenafabritius.com, w tym zasady przetwarzania i ochrony danych osobowych oraz stosowania plik\u00f3w cookies i innych technologii takich jak Google Analitycs czy Universal Analytics. U\u017cytkownik zapoznaj\u0105c si\u0119 z [&hellip;]\" \/>\n<meta property=\"og:url\" content=\"https:\/\/magdalenafabritius.com\/pl\/privacy-policy\/\" \/>\n<meta property=\"og:site_name\" content=\"Magdalena Fabritius\" \/>\n<meta property=\"article:modified_time\" content=\"2024-02-15T19:35:30+00:00\" \/>\n<meta name=\"twitter:card\" content=\"summary_large_image\" \/>\n<meta name=\"twitter:label1\" content=\"Szacowany czas czytania\" \/>\n\t<meta name=\"twitter:data1\" content=\"4 minuty\" \/>\n<script type=\"application\/ld+json\" class=\"yoast-schema-graph\">{\"@context\":\"https:\\\/\\\/schema.org\",\"@graph\":[{\"@type\":\"WebPage\",\"@id\":\"https:\\\/\\\/magdalenafabritius.com\\\/pl\\\/privacy-policy\\\/\",\"url\":\"https:\\\/\\\/magdalenafabritius.com\\\/pl\\\/privacy-policy\\\/\",\"name\":\"Polityka prywatno\u015bci - Magdalena Fabritius\",\"isPartOf\":{\"@id\":\"https:\\\/\\\/magdalenafabritius.com\\\/pl\\\/#website\"},\"datePublished\":\"2023-06-22T11:06:20+00:00\",\"dateModified\":\"2024-02-15T19:35:30+00:00\",\"breadcrumb\":{\"@id\":\"https:\\\/\\\/magdalenafabritius.com\\\/pl\\\/privacy-policy\\\/#breadcrumb\"},\"inLanguage\":\"pl-PL\",\"potentialAction\":[{\"@type\":\"ReadAction\",\"target\":[\"https:\\\/\\\/magdalenafabritius.com\\\/pl\\\/privacy-policy\\\/\"]}]},{\"@type\":\"BreadcrumbList\",\"@id\":\"https:\\\/\\\/magdalenafabritius.com\\\/pl\\\/privacy-policy\\\/#breadcrumb\",\"itemListElement\":[{\"@type\":\"ListItem\",\"position\":1,\"name\":\"Home\",\"item\":\"https:\\\/\\\/magdalenafabritius.com\\\/pl\\\/\"},{\"@type\":\"ListItem\",\"position\":2,\"name\":\"Polityka prywatno\u015bci\"}]},{\"@type\":\"WebSite\",\"@id\":\"https:\\\/\\\/magdalenafabritius.com\\\/pl\\\/#website\",\"url\":\"https:\\\/\\\/magdalenafabritius.com\\\/pl\\\/\",\"name\":\"Magdalena Fabritius\",\"description\":\"Good relationships\",\"publisher\":{\"@id\":\"https:\\\/\\\/magdalenafabritius.com\\\/pl\\\/#\\\/schema\\\/person\\\/cd7f84f38a7d7fdb03138b941b33e703\"},\"potentialAction\":[{\"@type\":\"SearchAction\",\"target\":{\"@type\":\"EntryPoint\",\"urlTemplate\":\"https:\\\/\\\/magdalenafabritius.com\\\/pl\\\/?s={search_term_string}\"},\"query-input\":{\"@type\":\"PropertyValueSpecification\",\"valueRequired\":true,\"valueName\":\"search_term_string\"}}],\"inLanguage\":\"pl-PL\"},{\"@type\":[\"Person\",\"Organization\"],\"@id\":\"https:\\\/\\\/magdalenafabritius.com\\\/pl\\\/#\\\/schema\\\/person\\\/cd7f84f38a7d7fdb03138b941b33e703\",\"name\":\"lena_adm\",\"image\":{\"@type\":\"ImageObject\",\"inLanguage\":\"pl-PL\",\"@id\":\"https:\\\/\\\/magdalenafabritius.com\\\/wp-content\\\/uploads\\\/2023\\\/04\\\/kwiatek5.svg\",\"url\":\"https:\\\/\\\/magdalenafabritius.com\\\/wp-content\\\/uploads\\\/2023\\\/04\\\/kwiatek5.svg\",\"contentUrl\":\"https:\\\/\\\/magdalenafabritius.com\\\/wp-content\\\/uploads\\\/2023\\\/04\\\/kwiatek5.svg\",\"width\":1,\"height\":1,\"caption\":\"lena_adm\"},\"logo\":{\"@id\":\"https:\\\/\\\/magdalenafabritius.com\\\/wp-content\\\/uploads\\\/2023\\\/04\\\/kwiatek5.svg\"}}]}<\/script>\n<!-- \/ Yoast SEO plugin. -->","yoast_head_json":{"title":"Polityka prywatno\u015bci - Magdalena Fabritius","robots":{"index":"index","follow":"follow","max-snippet":"max-snippet:-1","max-image-preview":"max-image-preview:large","max-video-preview":"max-video-preview:-1"},"canonical":"https:\/\/magdalenafabritius.com\/pl\/privacy-policy\/","og_locale":"pl_PL","og_type":"article","og_title":"Polityka prywatno\u015bci - Magdalena Fabritius","og_description":"Polityka prywatno\u015bci i plik\u00f3w cookies Og\u00f3lne informacje Polityka prywatno\u015bci i plik\u00f3w cookies stanowi podstawowe informacje o celach, sposobach przetwarzania i bezpiecze\u0144stwie Twoich danych osobowych jako u\u017cytkownika strony internetowej: magdalenafabritius.com, w tym zasady przetwarzania i ochrony danych osobowych oraz stosowania plik\u00f3w cookies i innych technologii takich jak Google Analitycs czy Universal Analytics. U\u017cytkownik zapoznaj\u0105c si\u0119 z [&hellip;]","og_url":"https:\/\/magdalenafabritius.com\/pl\/privacy-policy\/","og_site_name":"Magdalena Fabritius","article_modified_time":"2024-02-15T19:35:30+00:00","twitter_card":"summary_large_image","twitter_misc":{"Szacowany czas czytania":"4 minuty"},"schema":{"@context":"https:\/\/schema.org","@graph":[{"@type":"WebPage","@id":"https:\/\/magdalenafabritius.com\/pl\/privacy-policy\/","url":"https:\/\/magdalenafabritius.com\/pl\/privacy-policy\/","name":"Polityka prywatno\u015bci - Magdalena Fabritius","isPartOf":{"@id":"https:\/\/magdalenafabritius.com\/pl\/#website"},"datePublished":"2023-06-22T11:06:20+00:00","dateModified":"2024-02-15T19:35:30+00:00","breadcrumb":{"@id":"https:\/\/magdalenafabritius.com\/pl\/privacy-policy\/#breadcrumb"},"inLanguage":"pl-PL","potentialAction":[{"@type":"ReadAction","target":["https:\/\/magdalenafabritius.com\/pl\/privacy-policy\/"]}]},{"@type":"BreadcrumbList","@id":"https:\/\/magdalenafabritius.com\/pl\/privacy-policy\/#breadcrumb","itemListElement":[{"@type":"ListItem","position":1,"name":"Home","item":"https:\/\/magdalenafabritius.com\/pl\/"},{"@type":"ListItem","position":2,"name":"Polityka prywatno\u015bci"}]},{"@type":"WebSite","@id":"https:\/\/magdalenafabritius.com\/pl\/#website","url":"https:\/\/magdalenafabritius.com\/pl\/","name":"Magdalena Fabritius","description":"Good relationships","publisher":{"@id":"https:\/\/magdalenafabritius.com\/pl\/#\/schema\/person\/cd7f84f38a7d7fdb03138b941b33e703"},"potentialAction":[{"@type":"SearchAction","target":{"@type":"EntryPoint","urlTemplate":"https:\/\/magdalenafabritius.com\/pl\/?s={search_term_string}"},"query-input":{"@type":"PropertyValueSpecification","valueRequired":true,"valueName":"search_term_string"}}],"inLanguage":"pl-PL"},{"@type":["Person","Organization"],"@id":"https:\/\/magdalenafabritius.com\/pl\/#\/schema\/person\/cd7f84f38a7d7fdb03138b941b33e703","name":"lena_adm","image":{"@type":"ImageObject","inLanguage":"pl-PL","@id":"https:\/\/magdalenafabritius.com\/wp-content\/uploads\/2023\/04\/kwiatek5.svg","url":"https:\/\/magdalenafabritius.com\/wp-content\/uploads\/2023\/04\/kwiatek5.svg","contentUrl":"https:\/\/magdalenafabritius.com\/wp-content\/uploads\/2023\/04\/kwiatek5.svg","width":1,"height":1,"caption":"lena_adm"},"logo":{"@id":"https:\/\/magdalenafabritius.com\/wp-content\/uploads\/2023\/04\/kwiatek5.svg"}}]}},"builder_content":"","_links":{"self":[{"href":"https:\/\/magdalenafabritius.com\/pl\/wp-json\/wp\/v2\/pages\/1490","targetHints":{"allow":["GET"]}}],"collection":[{"href":"https:\/\/magdalenafabritius.com\/pl\/wp-json\/wp\/v2\/pages"}],"about":[{"href":"https:\/\/magdalenafabritius.com\/pl\/wp-json\/wp\/v2\/types\/page"}],"author":[{"embeddable":true,"href":"https:\/\/magdalenafabritius.com\/pl\/wp-json\/wp\/v2\/users\/1"}],"replies":[{"embeddable":true,"href":"https:\/\/magdalenafabritius.com\/pl\/wp-json\/wp\/v2\/comments?post=1490"}],"version-history":[{"count":5,"href":"https:\/\/magdalenafabritius.com\/pl\/wp-json\/wp\/v2\/pages\/1490\/revisions"}],"predecessor-version":[{"id":1696,"href":"https:\/\/magdalenafabritius.com\/pl\/wp-json\/wp\/v2\/pages\/1490\/revisions\/1696"}],"wp:attachment":[{"href":"https:\/\/magdalenafabritius.com\/pl\/wp-json\/wp\/v2\/media?parent=1490"}],"curies":[{"name":"wp","href":"https:\/\/api.w.org\/{rel}","templated":true}]}}