{"id":1494,"date":"2023-04-05T07:58:18","date_gmt":"2023-04-05T05:58:18","guid":{"rendered":"https:\/\/magdalenafabritius.com\/contact\/"},"modified":"2025-07-29T06:36:49","modified_gmt":"2025-07-29T04:36:49","slug":"contact","status":"publish","type":"page","link":"https:\/\/magdalenafabritius.com\/pl\/contact\/","title":{"rendered":"Kontakt"},"content":{"rendered":"<!--themify_builder_content-->\n<div id=\"themify_builder_content-1494\" data-postid=\"1494\" class=\"themify_builder_content themify_builder_content-1494 themify_builder tf_clear\">\n                    <div  data-lazy=\"1\" class=\"module_row themify_builder_row tb_50z4640 tb_first tf_w\">\n                        <div class=\"row_inner col_align_top tb_col_count_1 tf_box tf_rel\">\n                        <div  data-lazy=\"1\" class=\"module_column tb-column col-full tb_gphn640 first\">\n                    <!-- module text -->\n<div  class=\"module module-text tb_khno165 box2  \" data-lazy=\"1\">\n        <div  class=\"tb_text_wrap\">\n        <p><strong>Je\u015bli czujesz, \u017ce to mo\u017ce by\u0107 krok dla Ciebie\u2026<\/strong><\/p>\n<p>Zr\u00f3b go. Bez presji. Bez zobowi\u0105zania.<br>Po prostu napisz do mnie. Opowiedz, z czym przychodzisz.<\/p>    <\/div>\n<\/div>\n<!-- \/module text --><!-- module text -->\n<div  class=\"module module-text tb_89p1231 lindsey  \" data-lazy=\"1\">\n        <div  class=\"tb_text_wrap\">\n        <p style=\"text-align: left;\">Napisz do mnie<\/p>    <\/div>\n<\/div>\n<!-- \/module text -->        <div  data-lazy=\"1\" class=\"module_subrow themify_builder_sub_row tf_w col_align_top tb_col_count_2 tb_zh1n867\">\n                <div  data-lazy=\"1\" class=\"module_column sub_column col3-2 tb_eg3a866 first\">\n                    <!-- module text -->\n<div  class=\"module module-text tb_6ctu869   \" data-lazy=\"1\">\n        <div  class=\"tb_text_wrap\">\n        <p style=\"text-align: center;\"><a href=\"mailto:contact@magdalenafabritius.com\"><strong>contact@magdalenafabritius.com<\/strong><\/a><\/p>    <\/div>\n<\/div>\n<!-- \/module text --><!-- module divider -->\n<div  class=\"module tf_mw module-divider tb_2ght155 solid   \" style=\"border-width: 1px;border-color: #f1dfdf;margin-top: 20px;margin-bottom: 20px;\" data-lazy=\"1\">\n    <\/div>\n<!-- \/module divider -->\n<!-- module plain text -->\n<div  class=\"module module-plain-text tb_2euk385 \" data-lazy=\"1\">\n        <div class=\"tb_text_wrap\">\n    <style id=\"wpforms-css-vars-883\">\n\t\t\t\t#wpforms-883 {\n\t\t\t\t\n\t\t\t}\n\t\t\t<\/style><div class=\"wpforms-container wpforms-container-full wpforms-render-modern\" id=\"wpforms-883\"><form id=\"wpforms-form-883\" class=\"wpforms-validate wpforms-form wpforms-ajax-form\" data-formid=\"883\" method=\"post\" enctype=\"multipart\/form-data\" action=\"\/pl\/wp-json\/wp\/v2\/pages\/1494\" data-token=\"fa011635a57bf8dd9ad144db1f700823\" data-token-time=\"1776215545\"><noscript class=\"wpforms-error-noscript\">Aby wype\u0142ni\u0107 ten formularz, w\u0142\u0105cz obs\u0142ug\u0119 JavaScript w przegl\u0105darce.<\/noscript><div id=\"wpforms-error-noscript\" style=\"display: none;\">Aby wype\u0142ni\u0107 ten formularz, w\u0142\u0105cz obs\u0142ug\u0119 JavaScript w przegl\u0105darce.<\/div><div class=\"wpforms-field-container\"><div id=\"wpforms-883-field_0-container\" class=\"wpforms-field wpforms-field-name\" data-field-id=\"0\"><label class=\"wpforms-field-label\" for=\"wpforms-883-field_0\">Imi\u0119 <span class=\"wpforms-required-label\" aria-hidden=\"true\">*<\/span><\/label><input type=\"text\" id=\"wpforms-883-field_0\" class=\"wpforms-field-medium wpforms-field-required\" name=\"wpforms[fields][0]\" aria-errormessage=\"wpforms-883-field_0-error\" required><\/div><div id=\"wpforms-883-field_1-container\" class=\"wpforms-field wpforms-field-email\" data-field-id=\"1\"><label class=\"wpforms-field-label\" for=\"wpforms-883-field_1\">Email <span class=\"wpforms-required-label\" aria-hidden=\"true\">*<\/span><\/label><input type=\"email\" id=\"wpforms-883-field_1\" class=\"wpforms-field-medium wpforms-field-required\" name=\"wpforms[fields][1]\" spellcheck=\"false\" aria-errormessage=\"wpforms-883-field_1-error\" required><\/div><div id=\"wpforms-883-field_2-container\" class=\"wpforms-field wpforms-field-textarea\" data-field-id=\"2\"><label class=\"wpforms-field-label\" for=\"wpforms-883-field_2\">Wiadomo\u015b\u0107<\/label><textarea id=\"wpforms-883-field_2\" class=\"wpforms-field-medium\" name=\"wpforms[fields][2]\" aria-errormessage=\"wpforms-883-field_2-error\" ><\/textarea><\/div><div id=\"wpforms-883-field_3-container\" class=\"wpforms-field wpforms-field-checkbox\" data-field-id=\"3\"><fieldset><legend class=\"wpforms-field-label\">Polityka prywatno\u015bci <span class=\"wpforms-required-label\" aria-hidden=\"true\">*<\/span><\/legend><ul id=\"wpforms-883-field_3\" class=\"wpforms-field-required\"><li class=\"choice-1 depth-1\"><input type=\"checkbox\" id=\"wpforms-883-field_3_1\" name=\"wpforms[fields][3][]\" value=\"Wysy\u0142aj\u0105c formularz wyra\u017casz zgod\u0119 na przetwarzanie danych w celu odpowiedzi na Twoj\u0105 wiadomo\u015b\u0107. Wi\u0119cej informacji znajdziesz w Polityce prywatno\u015bci i plik\u00f3w cookies.\" aria-errormessage=\"wpforms-883-field_3_1-error\" aria-describedby=\"wpforms-883-field_3-description\" required ><label class=\"wpforms-field-label-inline\" for=\"wpforms-883-field_3_1\">Wysy\u0142aj\u0105c formularz wyra\u017casz zgod\u0119 na przetwarzanie danych w celu odpowiedzi na Twoj\u0105 wiadomo\u015b\u0107. Wi\u0119cej informacji znajdziesz w Polityce prywatno\u015bci i plik\u00f3w cookies.<\/label><\/li><\/ul><div id=\"wpforms-883-field_3-description\" class=\"wpforms-field-description\">Je\u015bli nie chcesz podawa\u0107 swoich danych osobowych, mo\u017cesz po prostu do mnie zadzwoni\u0107. Numer telefonu: 0033 7 88 05 37 38<\/div><\/fieldset><\/div><\/div><!-- .wpforms-field-container --><div class=\"wpforms-submit-container\" ><input type=\"hidden\" name=\"wpforms[id]\" value=\"883\"><input type=\"hidden\" name=\"page_title\" value=\"\"><input type=\"hidden\" name=\"page_url\" value=\"https:\/\/magdalenafabritius.com\/pl\/wp-json\/wp\/v2\/pages\/1494\"><input type=\"hidden\" name=\"url_referer\" value=\"\"><button type=\"submit\" name=\"wpforms[submit]\" id=\"wpforms-submit-883\" class=\"wpforms-submit\" data-alt-text=\"Wysy\u0142anie...\" data-submit-text=\"Wy\u015blij\" aria-live=\"assertive\" value=\"wpforms-submit\">Wy\u015blij<\/button><img loading=\"lazy\" decoding=\"async\" src=\"https:\/\/magdalenafabritius.com\/wp-content\/plugins\/wpforms-lite\/assets\/images\/submit-spin.svg\" class=\"wpforms-submit-spinner\" style=\"display: none;\" width=\"26\" height=\"26\" alt=\"Wczytywanie\"><\/div><input type=\"hidden\" id=\"ct_checkjs_wpforms_248e844336797ec98478f85e7626de4a\" name=\"ct_checkjs_wpforms\" value=\"0\" \/><script>setTimeout(function(){var ct_input_name = \"ct_checkjs_wpforms_248e844336797ec98478f85e7626de4a\";if (document.getElementById(ct_input_name) !== null) {var ct_input_value = document.getElementById(ct_input_name).value;document.getElementById(ct_input_name).value = document.getElementById(ct_input_name).value.replace(ct_input_value, '1871089263');}}, 1000);<\/script><input\n                    class=\"apbct_special_field apbct_email_id__wp_wpforms\"\n                    name=\"apbct__email_id__wp_wpforms\"\n                    aria-label=\"apbct__label_id__wp_wpforms\"\n                    type=\"text\" size=\"30\" maxlength=\"200\" autocomplete=\"off\"\n                    value=\"\"\n                \/><\/form><\/div>  <!-- .wpforms-container -->\t    <\/div>\n<\/div>\n<!-- \/module plain text --><!-- module text -->\n<div  class=\"module module-text tb_qnnu169   \" data-lazy=\"1\">\n        <div  class=\"tb_text_wrap\">\n        <p>I will process your data in accordance with the provisions of the <a href=\"https:\/\/magdalenafabritius.com\/privacy-policy\/\">Privacy and Cookies Policy<\/a>.<\/p>    <\/div>\n<\/div>\n<!-- \/module text -->        <\/div>\n                    <div  data-lazy=\"1\" class=\"module_column sub_column col3-1 tb_u3mm867 last\">\n                    <!-- module text -->\n<div  class=\"module module-text tb_14rv574   \" data-lazy=\"1\">\n        <div  class=\"tb_text_wrap\">\n        <p>Masz jakie\u015b pytania?<\/p>\n<p>Skontaktuj si\u0119 ze mn\u0105<\/p>    <\/div>\n<\/div>\n<!-- \/module text --><!-- module icon -->\n<div  class=\"module module-icon tb_320q634    icon_horizontal \" data-lazy=\"1\">\n\t\t\t<div class=\"module-icon-item\">\n\t\t\t\t\t\t\t<a href=\"https:\/\/www.facebook.com\/magdalenafabritiusdesign\" rel=\"noopener\" target=\"_blank\">\n\t\t\t\t\t\t\t\t\t\t\t\t\t\t\t\t\t<em class=\"tf_box\"\n\t\t\t\t\t\t\t\t\t\t\t\t style=\"color:#c1aca0\"\t\t\t\t\t><svg  class=\"tf_fa tf-fab-facebook\" xmlns:xlink=\"http:\/\/www.w3.org\/1999\/xlink\" aria-hidden=\"true\"><use href=\"#tf-fab-facebook\" xlink:href=\"#tf-fab-facebook\"><\/use><\/svg><\/em>\n\t\t\t\t\t\t\t\t\t\t\t\t\t\t\t\t<\/a>\n\t\t\t\t\t<\/div>\n\t\t\t<div class=\"module-icon-item\">\n\t\t\t\t\t\t\t<a href=\"https:\/\/www.instagram.com\/magdalenafabritius\/\" rel=\"noopener\" target=\"_blank\">\n\t\t\t\t\t\t\t\t\t\t\t\t\t\t\t\t\t<em class=\"tf_box\"\n\t\t\t\t\t\t\t\t\t\t\t\t style=\"color:#c1aca0\"\t\t\t\t\t><svg  class=\"tf_fa tf-fab-instagram\" xmlns:xlink=\"http:\/\/www.w3.org\/1999\/xlink\" aria-hidden=\"true\"><use href=\"#tf-fab-instagram\" xlink:href=\"#tf-fab-instagram\"><\/use><\/svg><\/em>\n\t\t\t\t\t\t\t\t\t\t\t\t\t\t\t\t<\/a>\n\t\t\t\t\t<\/div>\n\t<\/div>\n<!-- \/module icon -->\n<!-- module image -->\n<div  class=\"module module-image tb_biek583 image-center   tf_mw\" data-lazy=\"1\">\n        <div class=\"image-wrap tf_rel tf_mw\">\n            <img loading=\"lazy\" decoding=\"async\" src=\"https:\/\/magdalenafabritius.com\/wp-content\/uploads\/2023\/05\/magdalena_fabritius_16-min-683x1024-350x525.jpg\" width=\"350\" height=\"525\" class=\"wp-post-image wp-image-1465\" title=\"magdalena_fabritius_16-min\" alt=\"magdalena_fabritius_16-min\" srcset=\"https:\/\/magdalenafabritius.com\/wp-content\/uploads\/2023\/05\/magdalena_fabritius_16-min-683x1024-350x525.jpg 350w, https:\/\/magdalenafabritius.com\/wp-content\/uploads\/2023\/05\/magdalena_fabritius_16-min-200x300.jpg 200w, https:\/\/magdalenafabritius.com\/wp-content\/uploads\/2023\/05\/magdalena_fabritius_16-min-683x1024.jpg 683w, https:\/\/magdalenafabritius.com\/wp-content\/uploads\/2023\/05\/magdalena_fabritius_16-min-768x1152.jpg 768w, https:\/\/magdalenafabritius.com\/wp-content\/uploads\/2023\/05\/magdalena_fabritius_16-min.jpg 800w\" sizes=\"auto, (max-width: 350px) 100vw, 350px\" \/>    \n        <\/div>\n    <!-- \/image-wrap -->\n    \n        <\/div>\n<!-- \/module image -->        <\/div>\n                    <\/div>\n                <\/div>\n                        <\/div>\n        <\/div>\n                        <div  data-css_id=\"zpey20\" data-lazy=\"1\" class=\"module_row themify_builder_row fullwidth_row_container tb_zpey20 tf_w\">\n                        <div class=\"row_inner col_align_top tb_col_count_1 tf_box tf_rel\">\n                        <div  data-lazy=\"1\" class=\"module_column tb-column col-full tb_5p9o20 first\">\n                    <!-- module plain text -->\n<div  class=\"module module-plain-text tb_bvsz20 \" data-lazy=\"1\">\n        <div class=\"tb_text_wrap\">\n    <div class=\"tb_layout_part_wrap tf_w\"><!--themify_builder_content-->\n    <div  class=\"themify_builder_content themify_builder_content-1718 themify_builder not_editable_builder in_the_loop\" data-postid=\"1718\">\n                        <div  data-lazy=\"1\" class=\"module_row themify_builder_row tb_jyuv179 tf_w\">\n                        <div class=\"row_inner col_align_middle gutter-none tb_col_count_2 tf_box tf_rel\">\n                        <div  data-lazy=\"1\" class=\"module_column tb-column col4-2 tb_o1t4179 first\">\n                    <!-- module text -->\n<div  class=\"module module-text tb_68ge657   \" data-lazy=\"1\">\n        <div  class=\"tb_text_wrap\">\n        <h2>Chcesz wzmocni\u0107 swoje relacje z bliskimi i stworzy\u0107 czu\u0142y dom, pe\u0142en szacunku i empatii?<\/h2>    <\/div>\n<\/div>\n<!-- \/module text --><!-- module text -->\n<div  class=\"module module-text tb_pd3h453   \" data-lazy=\"1\">\n        <div  class=\"tb_text_wrap\">\n        <h3>Zapisz si\u0119 do mojego newslettera.<\/h3>\n<p>Co miesi\u0105c wysy\u0142am listy do kobiet z poradami i inspiracjami. Przy zapisie otrzymasz ode mnie przydatny ebook: <strong>Skuteczne sposoby, aby sobie poradzi\u0107 z silnymi emocjami i wybuchami z\u0142o\u015bci<\/strong>.<\/p>    <\/div>\n<\/div>\n<!-- \/module text --><!-- module plain text -->\n<div  class=\"module module-plain-text tb_n35w223 \" data-lazy=\"1\">\n        <div class=\"tb_text_wrap\">\n    <div class=\"ml-embedded\" data-form=\"Pu6hLo\"><\/div>    <\/div>\n<\/div>\n<!-- \/module plain text -->        <\/div>\n                    <div  data-lazy=\"1\" class=\"module_column tb-column col4-2 tb_41wf286 last\">\n                    <!-- module image -->\n<div  class=\"module module-image tb_qcoo123 image-top   tf_mw\" data-lazy=\"1\">\n        <div class=\"image-wrap tf_rel tf_mw\">\n            <img loading=\"lazy\" decoding=\"async\" width=\"630\" height=\"655\" src=\"https:\/\/magdalenafabritius.com\/wp-content\/uploads\/2024\/02\/skuteczne_sposoby_ebook.png\" class=\"wp-post-image wp-image-1723\" title=\"skuteczne_sposoby_ebook\" alt=\"skuteczne_sposoby_ebook\" srcset=\"https:\/\/magdalenafabritius.com\/wp-content\/uploads\/2024\/02\/skuteczne_sposoby_ebook.png 630w, https:\/\/magdalenafabritius.com\/wp-content\/uploads\/2024\/02\/skuteczne_sposoby_ebook-289x300.png 289w\" sizes=\"auto, (max-width: 630px) 100vw, 630px\" \/>    \n        <\/div>\n    <!-- \/image-wrap -->\n    \n        <\/div>\n<!-- \/module image -->        <\/div>\n                        <\/div>\n        <\/div>\n            <\/div>\n<!--\/themify_builder_content--><\/div>\n    <\/div>\n<\/div>\n<!-- \/module plain text -->        <\/div>\n                        <\/div>\n        <\/div>\n        <\/div>\n<!--\/themify_builder_content-->","protected":false},"excerpt":{"rendered":"<p>Je\u015bli czujesz, \u017ce to mo\u017ce by\u0107 krok dla Ciebie\u2026 Zr\u00f3b go. Bez presji. Bez zobowi\u0105zania.Po prostu napisz do mnie. Opowiedz, z czym przychodzisz.<\/p>\n","protected":false},"author":1,"featured_media":0,"parent":0,"menu_order":0,"comment_status":"closed","ping_status":"closed","template":"","meta":{"footnotes":""},"class_list":["post-1494","page","type-page","status-publish","hentry","has-post-title","has-post-date","has-post-category","has-post-tag","has-post-comment","has-post-author",""],"yoast_head":"<!-- This site is optimized with the Yoast SEO plugin v27.2 - https:\/\/yoast.com\/product\/yoast-seo-wordpress\/ -->\n<title>Kontakt - Magdalena Fabritius<\/title>\n<meta name=\"robots\" content=\"index, follow, max-snippet:-1, max-image-preview:large, max-video-preview:-1\" \/>\n<link rel=\"canonical\" href=\"https:\/\/magdalenafabritius.com\/pl\/contact\/\" \/>\n<meta property=\"og:locale\" content=\"pl_PL\" \/>\n<meta property=\"og:type\" content=\"article\" \/>\n<meta property=\"og:title\" content=\"Kontakt - Magdalena Fabritius\" \/>\n<meta property=\"og:description\" content=\"Je\u015bli czujesz, \u017ce to mo\u017ce by\u0107 krok dla Ciebie\u2026 Zr\u00f3b go. Bez presji. Bez zobowi\u0105zania.Po prostu napisz do mnie. Opowiedz, z czym przychodzisz.\" \/>\n<meta property=\"og:url\" content=\"https:\/\/magdalenafabritius.com\/pl\/contact\/\" \/>\n<meta property=\"og:site_name\" content=\"Magdalena Fabritius\" \/>\n<meta property=\"article:modified_time\" content=\"2025-07-29T04:36:49+00:00\" \/>\n<meta property=\"og:image\" content=\"https:\/\/magdalenafabritius.com\/wp-content\/uploads\/2023\/05\/magdalena_fabritius_16-min.jpg\" \/>\n\t<meta property=\"og:image:width\" content=\"800\" \/>\n\t<meta property=\"og:image:height\" content=\"1200\" \/>\n\t<meta property=\"og:image:type\" content=\"image\/jpeg\" \/>\n<meta name=\"twitter:card\" content=\"summary_large_image\" \/>\n<meta name=\"twitter:label1\" content=\"Szacowany czas czytania\" \/>\n\t<meta name=\"twitter:data1\" content=\"1 minuta\" \/>\n<script type=\"application\/ld+json\" class=\"yoast-schema-graph\">{\"@context\":\"https:\/\/schema.org\",\"@graph\":[{\"@type\":\"WebPage\",\"@id\":\"https:\/\/magdalenafabritius.com\/pl\/contact\/\",\"url\":\"https:\/\/magdalenafabritius.com\/pl\/contact\/\",\"name\":\"Kontakt - Magdalena Fabritius\",\"isPartOf\":{\"@id\":\"https:\/\/magdalenafabritius.com\/pl\/#website\"},\"primaryImageOfPage\":{\"@id\":\"https:\/\/magdalenafabritius.com\/pl\/contact\/#primaryimage\"},\"image\":{\"@id\":\"https:\/\/magdalenafabritius.com\/pl\/contact\/#primaryimage\"},\"thumbnailUrl\":\"https:\/\/magdalenafabritius.com\/wp-content\/uploads\/2023\/05\/magdalena_fabritius_16-min-683x1024-350x525.jpg\",\"datePublished\":\"2023-04-05T05:58:18+00:00\",\"dateModified\":\"2025-07-29T04:36:49+00:00\",\"breadcrumb\":{\"@id\":\"https:\/\/magdalenafabritius.com\/pl\/contact\/#breadcrumb\"},\"inLanguage\":\"pl-PL\",\"potentialAction\":[{\"@type\":\"ReadAction\",\"target\":[\"https:\/\/magdalenafabritius.com\/pl\/contact\/\"]}]},{\"@type\":\"ImageObject\",\"inLanguage\":\"pl-PL\",\"@id\":\"https:\/\/magdalenafabritius.com\/pl\/contact\/#primaryimage\",\"url\":\"https:\/\/magdalenafabritius.com\/wp-content\/uploads\/2023\/05\/magdalena_fabritius_16-min-683x1024-350x525.jpg\",\"contentUrl\":\"https:\/\/magdalenafabritius.com\/wp-content\/uploads\/2023\/05\/magdalena_fabritius_16-min-683x1024-350x525.jpg\"},{\"@type\":\"BreadcrumbList\",\"@id\":\"https:\/\/magdalenafabritius.com\/pl\/contact\/#breadcrumb\",\"itemListElement\":[{\"@type\":\"ListItem\",\"position\":1,\"name\":\"Home\",\"item\":\"https:\/\/magdalenafabritius.com\/pl\/\"},{\"@type\":\"ListItem\",\"position\":2,\"name\":\"Kontakt\"}]},{\"@type\":\"WebSite\",\"@id\":\"https:\/\/magdalenafabritius.com\/pl\/#website\",\"url\":\"https:\/\/magdalenafabritius.com\/pl\/\",\"name\":\"Magdalena Fabritius\",\"description\":\"Good relationships\",\"publisher\":{\"@id\":\"https:\/\/magdalenafabritius.com\/pl\/#\/schema\/person\/cd7f84f38a7d7fdb03138b941b33e703\"},\"potentialAction\":[{\"@type\":\"SearchAction\",\"target\":{\"@type\":\"EntryPoint\",\"urlTemplate\":\"https:\/\/magdalenafabritius.com\/pl\/?s={search_term_string}\"},\"query-input\":{\"@type\":\"PropertyValueSpecification\",\"valueRequired\":true,\"valueName\":\"search_term_string\"}}],\"inLanguage\":\"pl-PL\"},{\"@type\":[\"Person\",\"Organization\"],\"@id\":\"https:\/\/magdalenafabritius.com\/pl\/#\/schema\/person\/cd7f84f38a7d7fdb03138b941b33e703\",\"name\":\"lena_adm\",\"image\":{\"@type\":\"ImageObject\",\"inLanguage\":\"pl-PL\",\"@id\":\"https:\/\/magdalenafabritius.com\/wp-content\/uploads\/2023\/04\/kwiatek5.svg\",\"url\":\"https:\/\/magdalenafabritius.com\/wp-content\/uploads\/2023\/04\/kwiatek5.svg\",\"contentUrl\":\"https:\/\/magdalenafabritius.com\/wp-content\/uploads\/2023\/04\/kwiatek5.svg\",\"width\":1,\"height\":1,\"caption\":\"lena_adm\"},\"logo\":{\"@id\":\"https:\/\/magdalenafabritius.com\/wp-content\/uploads\/2023\/04\/kwiatek5.svg\"}}]}<\/script>\n<!-- \/ Yoast SEO plugin. -->","yoast_head_json":{"title":"Kontakt - Magdalena Fabritius","robots":{"index":"index","follow":"follow","max-snippet":"max-snippet:-1","max-image-preview":"max-image-preview:large","max-video-preview":"max-video-preview:-1"},"canonical":"https:\/\/magdalenafabritius.com\/pl\/contact\/","og_locale":"pl_PL","og_type":"article","og_title":"Kontakt - Magdalena Fabritius","og_description":"Je\u015bli czujesz, \u017ce to mo\u017ce by\u0107 krok dla Ciebie\u2026 Zr\u00f3b go. Bez presji. Bez zobowi\u0105zania.Po prostu napisz do mnie. Opowiedz, z czym przychodzisz.","og_url":"https:\/\/magdalenafabritius.com\/pl\/contact\/","og_site_name":"Magdalena Fabritius","article_modified_time":"2025-07-29T04:36:49+00:00","og_image":[{"width":800,"height":1200,"url":"https:\/\/magdalenafabritius.com\/wp-content\/uploads\/2023\/05\/magdalena_fabritius_16-min.jpg","type":"image\/jpeg"}],"twitter_card":"summary_large_image","twitter_misc":{"Szacowany czas czytania":"1 minuta"},"schema":{"@context":"https:\/\/schema.org","@graph":[{"@type":"WebPage","@id":"https:\/\/magdalenafabritius.com\/pl\/contact\/","url":"https:\/\/magdalenafabritius.com\/pl\/contact\/","name":"Kontakt - Magdalena Fabritius","isPartOf":{"@id":"https:\/\/magdalenafabritius.com\/pl\/#website"},"primaryImageOfPage":{"@id":"https:\/\/magdalenafabritius.com\/pl\/contact\/#primaryimage"},"image":{"@id":"https:\/\/magdalenafabritius.com\/pl\/contact\/#primaryimage"},"thumbnailUrl":"https:\/\/magdalenafabritius.com\/wp-content\/uploads\/2023\/05\/magdalena_fabritius_16-min-683x1024-350x525.jpg","datePublished":"2023-04-05T05:58:18+00:00","dateModified":"2025-07-29T04:36:49+00:00","breadcrumb":{"@id":"https:\/\/magdalenafabritius.com\/pl\/contact\/#breadcrumb"},"inLanguage":"pl-PL","potentialAction":[{"@type":"ReadAction","target":["https:\/\/magdalenafabritius.com\/pl\/contact\/"]}]},{"@type":"ImageObject","inLanguage":"pl-PL","@id":"https:\/\/magdalenafabritius.com\/pl\/contact\/#primaryimage","url":"https:\/\/magdalenafabritius.com\/wp-content\/uploads\/2023\/05\/magdalena_fabritius_16-min-683x1024-350x525.jpg","contentUrl":"https:\/\/magdalenafabritius.com\/wp-content\/uploads\/2023\/05\/magdalena_fabritius_16-min-683x1024-350x525.jpg"},{"@type":"BreadcrumbList","@id":"https:\/\/magdalenafabritius.com\/pl\/contact\/#breadcrumb","itemListElement":[{"@type":"ListItem","position":1,"name":"Home","item":"https:\/\/magdalenafabritius.com\/pl\/"},{"@type":"ListItem","position":2,"name":"Kontakt"}]},{"@type":"WebSite","@id":"https:\/\/magdalenafabritius.com\/pl\/#website","url":"https:\/\/magdalenafabritius.com\/pl\/","name":"Magdalena Fabritius","description":"Good relationships","publisher":{"@id":"https:\/\/magdalenafabritius.com\/pl\/#\/schema\/person\/cd7f84f38a7d7fdb03138b941b33e703"},"potentialAction":[{"@type":"SearchAction","target":{"@type":"EntryPoint","urlTemplate":"https:\/\/magdalenafabritius.com\/pl\/?s={search_term_string}"},"query-input":{"@type":"PropertyValueSpecification","valueRequired":true,"valueName":"search_term_string"}}],"inLanguage":"pl-PL"},{"@type":["Person","Organization"],"@id":"https:\/\/magdalenafabritius.com\/pl\/#\/schema\/person\/cd7f84f38a7d7fdb03138b941b33e703","name":"lena_adm","image":{"@type":"ImageObject","inLanguage":"pl-PL","@id":"https:\/\/magdalenafabritius.com\/wp-content\/uploads\/2023\/04\/kwiatek5.svg","url":"https:\/\/magdalenafabritius.com\/wp-content\/uploads\/2023\/04\/kwiatek5.svg","contentUrl":"https:\/\/magdalenafabritius.com\/wp-content\/uploads\/2023\/04\/kwiatek5.svg","width":1,"height":1,"caption":"lena_adm"},"logo":{"@id":"https:\/\/magdalenafabritius.com\/wp-content\/uploads\/2023\/04\/kwiatek5.svg"}}]}},"builder_content":"<p><strong>Je\u015bli czujesz, \u017ce to mo\u017ce by\u0107 krok dla Ciebie\u2026<\/strong><\/p> <p>Zr\u00f3b go. Bez presji. Bez zobowi\u0105zania.<br>Po prostu napisz do mnie. Opowiedz, z czym przychodzisz.<\/p>\n<p style=\"text-align: left;\">Napisz do mnie<\/p>\n<p style=\"text-align: center;\"><a href=\"mailto:contact@magdalenafabritius.com\"><strong>contact@magdalenafabritius.com<\/strong><\/a><\/p>\n\n[wpforms id=\"883\"]\n<p>I will process your data in accordance with the provisions of the <a href=\"https:\/\/magdalenafabritius.com\/privacy-policy\/\">Privacy and Cookies Policy<\/a>.<\/p>\n<p>Masz jakie\u015b pytania?<\/p> <p>Skontaktuj si\u0119 ze mn\u0105<\/p>\n<a href=\"https:\/\/www.facebook.com\/magdalenafabritiusdesign\" rel=\"noopener\" target=\"_blank\"> <em style=\"color:#c1aca0\" ><svg xmlns:xlink=\"http:\/\/www.w3.org\/1999\/xlink\" aria-hidden=\"true\"><use href=\"#tf-fab-facebook\" xlink:href=\"#tf-fab-facebook\"><\/use><\/svg><\/em> <\/a> <a href=\"https:\/\/www.instagram.com\/magdalenafabritius\/\" rel=\"noopener\" target=\"_blank\"> <em style=\"color:#c1aca0\" ><svg xmlns:xlink=\"http:\/\/www.w3.org\/1999\/xlink\" aria-hidden=\"true\"><use href=\"#tf-fab-instagram\" xlink:href=\"#tf-fab-instagram\"><\/use><\/svg><\/em> <\/a>\n<img src=\"https:\/\/magdalenafabritius.com\/wp-content\/uploads\/2023\/05\/magdalena_fabritius_16-min-683x1024-350x525.jpg\" width=\"350\" height=\"525\" title=\"magdalena_fabritius_16-min\" alt=\"magdalena_fabritius_16-min\" srcset=\"https:\/\/magdalenafabritius.com\/wp-content\/uploads\/2023\/05\/magdalena_fabritius_16-min-683x1024-350x525.jpg 350w, https:\/\/magdalenafabritius.com\/wp-content\/uploads\/2023\/05\/magdalena_fabritius_16-min-200x300.jpg 200w, https:\/\/magdalenafabritius.com\/wp-content\/uploads\/2023\/05\/magdalena_fabritius_16-min-683x1024.jpg 683w, https:\/\/magdalenafabritius.com\/wp-content\/uploads\/2023\/05\/magdalena_fabritius_16-min-768x1152.jpg 768w, https:\/\/magdalenafabritius.com\/wp-content\/uploads\/2023\/05\/magdalena_fabritius_16-min.jpg 800w\" sizes=\"(max-width: 350px) 100vw, 350px\" \/>\n[themify_layout_part id=\"1718\"]","_links":{"self":[{"href":"https:\/\/magdalenafabritius.com\/pl\/wp-json\/wp\/v2\/pages\/1494","targetHints":{"allow":["GET"]}}],"collection":[{"href":"https:\/\/magdalenafabritius.com\/pl\/wp-json\/wp\/v2\/pages"}],"about":[{"href":"https:\/\/magdalenafabritius.com\/pl\/wp-json\/wp\/v2\/types\/page"}],"author":[{"embeddable":true,"href":"https:\/\/magdalenafabritius.com\/pl\/wp-json\/wp\/v2\/users\/1"}],"replies":[{"embeddable":true,"href":"https:\/\/magdalenafabritius.com\/pl\/wp-json\/wp\/v2\/comments?post=1494"}],"version-history":[{"count":14,"href":"https:\/\/magdalenafabritius.com\/pl\/wp-json\/wp\/v2\/pages\/1494\/revisions"}],"predecessor-version":[{"id":2552,"href":"https:\/\/magdalenafabritius.com\/pl\/wp-json\/wp\/v2\/pages\/1494\/revisions\/2552"}],"wp:attachment":[{"href":"https:\/\/magdalenafabritius.com\/pl\/wp-json\/wp\/v2\/media?parent=1494"}],"curies":[{"name":"wp","href":"https:\/\/api.w.org\/{rel}","templated":true}]}}