{"id":1496,"date":"2023-04-05T07:57:49","date_gmt":"2023-04-05T05:57:49","guid":{"rendered":"https:\/\/magdalenafabritius.com\/my-offer\/"},"modified":"2024-11-21T20:30:59","modified_gmt":"2024-11-21T19:30:59","slug":"my-offer","status":"publish","type":"page","link":"https:\/\/magdalenafabritius.com\/pl\/my-offer\/","title":{"rendered":"Oferta"},"content":{"rendered":"<!--themify_builder_content-->\n<div id=\"themify_builder_content-1496\" data-postid=\"1496\" class=\"themify_builder_content themify_builder_content-1496 themify_builder tf_clear\">\n                    <div  data-css_id=\"b5up750\" data-lazy=\"1\" class=\"module_row themify_builder_row fullwidth tb_b5up750 tb_first tf_w\">\n                        <div class=\"row_inner col_align_top tb_col_count_1 tf_box tf_rel\">\n                        <div  data-lazy=\"1\" class=\"module_column tb-column col-full tb_2rtk751 first\">\n                    <!-- module text -->\n<div  class=\"module module-text tb_64mf751 lindsey  \" data-lazy=\"1\">\n        <div  class=\"tb_text_wrap\">\n        <h2 style=\"text-align: center;\">Moja oferta<\/h2>    <\/div>\n<\/div>\n<!-- \/module text --><!-- module text -->\n<div  class=\"module module-text tb_1de3751   \" data-lazy=\"1\">\n        <div  class=\"tb_text_wrap\">\n        <p style=\"text-align: center;\">zobacz, jak mog\u0119 Ci pom\u00f3c<\/p>    <\/div>\n<\/div>\n<!-- \/module text -->        <div  data-lazy=\"1\" class=\"module_subrow themify_builder_sub_row tf_w col_align_top gutter-narrow tb_col_count_4 tb_8jau751\">\n                <div  data-lazy=\"1\" class=\"module_column sub_column col4-1 tb_1rr7751 first\">\n                    <!-- module image -->\n<div  class=\"module module-image tb_is3q751 image-full-overlay   tf_mw\" data-lazy=\"1\">\n        <div class=\"image-wrap tf_rel tf_mw\">\n            <a href=\"https:\/\/magdalenafabritius.com\/pl\/my-offer\/konsultacje-indywidualne\/\">\n                   <img loading=\"lazy\" decoding=\"async\" width=\"1920\" height=\"1280\" src=\"https:\/\/magdalenafabritius.com\/wp-content\/uploads\/2023\/05\/magdalena_fabritius_7-min.jpg\" class=\"wp-post-image wp-image-1456\" title=\"Konsultacje indywidualne\" alt=\"Konsultacje indywidualne\" srcset=\"https:\/\/magdalenafabritius.com\/wp-content\/uploads\/2023\/05\/magdalena_fabritius_7-min.jpg 1920w, https:\/\/magdalenafabritius.com\/wp-content\/uploads\/2023\/05\/magdalena_fabritius_7-min-1024x683-300x200.jpg 300w, https:\/\/magdalenafabritius.com\/wp-content\/uploads\/2023\/05\/magdalena_fabritius_7-min-1024x683.jpg 1024w, https:\/\/magdalenafabritius.com\/wp-content\/uploads\/2023\/05\/magdalena_fabritius_7-min-768x512.jpg 768w, https:\/\/magdalenafabritius.com\/wp-content\/uploads\/2023\/05\/magdalena_fabritius_7-min-1536x1024.jpg 1536w, https:\/\/magdalenafabritius.com\/wp-content\/uploads\/2023\/05\/magdalena_fabritius_7-min-1024x683-380x253.jpg 380w\" sizes=\"auto, (max-width: 1920px) 100vw, 1920px\" \/>        <\/a>\n    \n        <\/div>\n    <!-- \/image-wrap -->\n    \n        <div class=\"image-content tf_overflow\">\n                    <h3 class=\"image-title\">\n                                    <a href=\"https:\/\/magdalenafabritius.com\/pl\/my-offer\/konsultacje-indywidualne\/\">\n                        Konsultacje indywidualne                    <\/a>\n                            <\/h3>\n                    <\/div>\n    <!-- \/image-content -->\n        <\/div>\n<!-- \/module image -->        <\/div>\n                    <div  data-lazy=\"1\" class=\"module_column sub_column col4-1 tb_lujw751\">\n                    <!-- module image -->\n<div  class=\"module module-image tb_gzcr751 image-full-overlay   tf_mw\" data-lazy=\"1\">\n        <div class=\"image-wrap tf_rel tf_mw\">\n            <a href=\"https:\/\/magdalenafabritius.com\/pl\/my-offer\/empathy-sessions\/\">\n                   <img loading=\"lazy\" decoding=\"async\" width=\"1920\" height=\"1280\" src=\"https:\/\/magdalenafabritius.com\/wp-content\/uploads\/2023\/05\/magdalena_fabritius_2-min.jpg\" class=\"wp-post-image wp-image-1451\" title=\"Sesje empatii\" alt=\"Sesje empatii\" srcset=\"https:\/\/magdalenafabritius.com\/wp-content\/uploads\/2023\/05\/magdalena_fabritius_2-min.jpg 1920w, https:\/\/magdalenafabritius.com\/wp-content\/uploads\/2023\/05\/magdalena_fabritius_2-min-300x200.jpg 300w, https:\/\/magdalenafabritius.com\/wp-content\/uploads\/2023\/05\/magdalena_fabritius_2-min-1024x683.jpg 1024w, https:\/\/magdalenafabritius.com\/wp-content\/uploads\/2023\/05\/magdalena_fabritius_2-min-768x512.jpg 768w, https:\/\/magdalenafabritius.com\/wp-content\/uploads\/2023\/05\/magdalena_fabritius_2-min-1536x1024.jpg 1536w\" sizes=\"auto, (max-width: 1920px) 100vw, 1920px\" \/>        <\/a>\n    \n        <\/div>\n    <!-- \/image-wrap -->\n    \n        <div class=\"image-content tf_overflow\">\n                    <h3 class=\"image-title\">\n                                    <a href=\"https:\/\/magdalenafabritius.com\/pl\/my-offer\/empathy-sessions\/\">\n                        Sesje empatii                    <\/a>\n                            <\/h3>\n                    <\/div>\n    <!-- \/image-content -->\n        <\/div>\n<!-- \/module image -->        <\/div>\n                    <div  data-lazy=\"1\" class=\"module_column sub_column col4-1 tb_dveb751\">\n                    <!-- module image -->\n<div  class=\"module module-image tb_0qdz751 image-full-overlay   tf_mw\" data-lazy=\"1\">\n        <div class=\"image-wrap tf_rel tf_mw\">\n            <a href=\"https:\/\/magdalenafabritius.com\/pl\/my-offer\/mentoring-program\/\">\n                   <img loading=\"lazy\" decoding=\"async\" width=\"1920\" height=\"1280\" src=\"https:\/\/magdalenafabritius.com\/wp-content\/uploads\/2023\/05\/magdalena_fabritius_6-min.jpg\" class=\"wp-post-image wp-image-1455\" title=\"Program mentoringowy\" alt=\"Program mentoringowy\" srcset=\"https:\/\/magdalenafabritius.com\/wp-content\/uploads\/2023\/05\/magdalena_fabritius_6-min.jpg 1920w, https:\/\/magdalenafabritius.com\/wp-content\/uploads\/2023\/05\/magdalena_fabritius_6-min-300x200.jpg 300w, https:\/\/magdalenafabritius.com\/wp-content\/uploads\/2023\/05\/magdalena_fabritius_6-min-1024x683.jpg 1024w, https:\/\/magdalenafabritius.com\/wp-content\/uploads\/2023\/05\/magdalena_fabritius_6-min-768x512.jpg 768w, https:\/\/magdalenafabritius.com\/wp-content\/uploads\/2023\/05\/magdalena_fabritius_6-min-1536x1024.jpg 1536w\" sizes=\"auto, (max-width: 1920px) 100vw, 1920px\" \/>        <\/a>\n    \n        <\/div>\n    <!-- \/image-wrap -->\n    \n        <div class=\"image-content tf_overflow\">\n                    <h3 class=\"image-title\">\n                                    <a href=\"https:\/\/magdalenafabritius.com\/pl\/my-offer\/mentoring-program\/\">\n                        Program mentoringowy                    <\/a>\n                            <\/h3>\n                    <\/div>\n    <!-- \/image-content -->\n        <\/div>\n<!-- \/module image -->        <\/div>\n                    <div  data-lazy=\"1\" class=\"module_column sub_column col4-1 tb_fnjn751 last\">\n                    <!-- module image -->\n<div  class=\"module module-image tb_h0w9751 image-full-overlay   tf_mw\" data-lazy=\"1\">\n        <div class=\"image-wrap tf_rel tf_mw\">\n            <a href=\"https:\/\/magdalenafabritius.com\/pl\/warsztaty-szkolenia\/\">\n                   <img loading=\"lazy\" decoding=\"async\" width=\"1920\" height=\"1280\" src=\"https:\/\/magdalenafabritius.com\/wp-content\/uploads\/2023\/05\/magdalena_fabritius_5-min.jpg\" class=\"wp-post-image wp-image-1454\" title=\"Warsztaty\/szkolenia\" alt=\"Warsztaty\/szkolenia\" srcset=\"https:\/\/magdalenafabritius.com\/wp-content\/uploads\/2023\/05\/magdalena_fabritius_5-min.jpg 1920w, https:\/\/magdalenafabritius.com\/wp-content\/uploads\/2023\/05\/magdalena_fabritius_5-min-300x200.jpg 300w, https:\/\/magdalenafabritius.com\/wp-content\/uploads\/2023\/05\/magdalena_fabritius_5-min-1024x683.jpg 1024w, https:\/\/magdalenafabritius.com\/wp-content\/uploads\/2023\/05\/magdalena_fabritius_5-min-768x512.jpg 768w, https:\/\/magdalenafabritius.com\/wp-content\/uploads\/2023\/05\/magdalena_fabritius_5-min-1536x1024.jpg 1536w\" sizes=\"auto, (max-width: 1920px) 100vw, 1920px\" \/>        <\/a>\n    \n        <\/div>\n    <!-- \/image-wrap -->\n    \n        <div class=\"image-content tf_overflow\">\n                    <h3 class=\"image-title\">\n                                    <a href=\"https:\/\/magdalenafabritius.com\/pl\/warsztaty-szkolenia\/\">\n                        Warsztaty\/szkolenia                    <\/a>\n                            <\/h3>\n                    <\/div>\n    <!-- \/image-content -->\n        <\/div>\n<!-- \/module image -->        <\/div>\n                    <\/div>\n                <\/div>\n                        <\/div>\n        <\/div>\n                        <div  data-css_id=\"54965\" data-lazy=\"1\" class=\"module_row themify_builder_row fullwidth_row_container tb_54965 tf_w\">\n                        <div class=\"row_inner col_align_top tb_col_count_1 tf_box tf_rel\">\n                        <div  data-lazy=\"1\" class=\"module_column tb-column col-full tb_2au56 first\">\n                    <!-- module plain text -->\n<div  class=\"module module-plain-text tb_49lc6 \" data-lazy=\"1\">\n        <div class=\"tb_text_wrap\">\n    <div class=\"tb_layout_part_wrap tf_w\"><!--themify_builder_content-->\n    <div  class=\"themify_builder_content themify_builder_content-1718 themify_builder not_editable_builder in_the_loop\" data-postid=\"1718\">\n                        <div  data-lazy=\"1\" class=\"module_row themify_builder_row tb_jyuv179 tf_w\">\n                        <div class=\"row_inner col_align_middle gutter-none tb_col_count_2 tf_box tf_rel\">\n                        <div  data-lazy=\"1\" class=\"module_column tb-column col4-2 tb_o1t4179 first\">\n                    <!-- module text -->\n<div  class=\"module module-text tb_68ge657   \" data-lazy=\"1\">\n        <div  class=\"tb_text_wrap\">\n        <h2>Chcesz wzmocni\u0107 swoje relacje z bliskimi i stworzy\u0107 czu\u0142y dom, pe\u0142en szacunku i empatii?<\/h2>    <\/div>\n<\/div>\n<!-- \/module text --><!-- module text -->\n<div  class=\"module module-text tb_pd3h453   \" data-lazy=\"1\">\n        <div  class=\"tb_text_wrap\">\n        <h3>Zapisz si\u0119 do mojego newslettera.<\/h3>\n<p>Co miesi\u0105c wysy\u0142am listy do kobiet z poradami i inspiracjami. Przy zapisie otrzymasz ode mnie przydatny ebook: <strong>Skuteczne sposoby, aby sobie poradzi\u0107 z silnymi emocjami i wybuchami z\u0142o\u015bci<\/strong>.<\/p>    <\/div>\n<\/div>\n<!-- \/module text --><!-- module plain text -->\n<div  class=\"module module-plain-text tb_n35w223 \" data-lazy=\"1\">\n        <div class=\"tb_text_wrap\">\n    <div class=\"ml-embedded\" data-form=\"Pu6hLo\"><\/div>    <\/div>\n<\/div>\n<!-- \/module plain text -->        <\/div>\n                    <div  data-lazy=\"1\" class=\"module_column tb-column col4-2 tb_41wf286 last\">\n                    <!-- module image -->\n<div  class=\"module module-image tb_qcoo123 image-top   tf_mw\" data-lazy=\"1\">\n        <div class=\"image-wrap tf_rel tf_mw\">\n            <img loading=\"lazy\" decoding=\"async\" width=\"630\" height=\"655\" src=\"https:\/\/magdalenafabritius.com\/wp-content\/uploads\/2024\/02\/skuteczne_sposoby_ebook.png\" class=\"wp-post-image wp-image-1723\" title=\"skuteczne_sposoby_ebook\" alt=\"skuteczne_sposoby_ebook\" srcset=\"https:\/\/magdalenafabritius.com\/wp-content\/uploads\/2024\/02\/skuteczne_sposoby_ebook.png 630w, https:\/\/magdalenafabritius.com\/wp-content\/uploads\/2024\/02\/skuteczne_sposoby_ebook-289x300.png 289w\" sizes=\"auto, (max-width: 630px) 100vw, 630px\" \/>    \n        <\/div>\n    <!-- \/image-wrap -->\n    \n        <\/div>\n<!-- \/module image -->        <\/div>\n                        <\/div>\n        <\/div>\n            <\/div>\n<!--\/themify_builder_content--><\/div>\n    <\/div>\n<\/div>\n<!-- \/module plain text -->        <\/div>\n                        <\/div>\n        <\/div>\n        <\/div>\n<!--\/themify_builder_content-->","protected":false},"excerpt":{"rendered":"<p>Moja oferta<\/p>\n","protected":false},"author":1,"featured_media":0,"parent":0,"menu_order":0,"comment_status":"closed","ping_status":"closed","template":"","meta":{"footnotes":""},"class_list":["post-1496","page","type-page","status-publish","hentry","has-post-title","has-post-date","has-post-category","has-post-tag","has-post-comment","has-post-author",""],"yoast_head":"<!-- This site is optimized with the Yoast SEO plugin v27.4 - https:\/\/yoast.com\/product\/yoast-seo-wordpress\/ -->\n<title>Oferta - Magdalena Fabritius<\/title>\n<meta name=\"robots\" content=\"index, follow, max-snippet:-1, max-image-preview:large, max-video-preview:-1\" \/>\n<link rel=\"canonical\" href=\"https:\/\/magdalenafabritius.com\/pl\/my-offer\/\" \/>\n<meta property=\"og:locale\" content=\"pl_PL\" \/>\n<meta property=\"og:type\" content=\"article\" \/>\n<meta property=\"og:title\" content=\"Oferta - Magdalena Fabritius\" \/>\n<meta property=\"og:description\" content=\"Moja oferta\" \/>\n<meta property=\"og:url\" content=\"https:\/\/magdalenafabritius.com\/pl\/my-offer\/\" \/>\n<meta property=\"og:site_name\" content=\"Magdalena Fabritius\" \/>\n<meta property=\"article:modified_time\" content=\"2024-11-21T19:30:59+00:00\" \/>\n<meta property=\"og:image\" content=\"https:\/\/magdalenafabritius.com\/wp-content\/uploads\/2023\/05\/magdalena_fabritius_7-min.jpg\" \/>\n<meta name=\"twitter:card\" content=\"summary_large_image\" \/>\n<script type=\"application\/ld+json\" class=\"yoast-schema-graph\">{\"@context\":\"https:\\\/\\\/schema.org\",\"@graph\":[{\"@type\":\"WebPage\",\"@id\":\"https:\\\/\\\/magdalenafabritius.com\\\/pl\\\/my-offer\\\/\",\"url\":\"https:\\\/\\\/magdalenafabritius.com\\\/pl\\\/my-offer\\\/\",\"name\":\"Oferta - Magdalena Fabritius\",\"isPartOf\":{\"@id\":\"https:\\\/\\\/magdalenafabritius.com\\\/pl\\\/#website\"},\"primaryImageOfPage\":{\"@id\":\"https:\\\/\\\/magdalenafabritius.com\\\/pl\\\/my-offer\\\/#primaryimage\"},\"image\":{\"@id\":\"https:\\\/\\\/magdalenafabritius.com\\\/pl\\\/my-offer\\\/#primaryimage\"},\"thumbnailUrl\":\"https:\\\/\\\/magdalenafabritius.com\\\/wp-content\\\/uploads\\\/2023\\\/05\\\/magdalena_fabritius_7-min.jpg\",\"datePublished\":\"2023-04-05T05:57:49+00:00\",\"dateModified\":\"2024-11-21T19:30:59+00:00\",\"breadcrumb\":{\"@id\":\"https:\\\/\\\/magdalenafabritius.com\\\/pl\\\/my-offer\\\/#breadcrumb\"},\"inLanguage\":\"pl-PL\",\"potentialAction\":[{\"@type\":\"ReadAction\",\"target\":[\"https:\\\/\\\/magdalenafabritius.com\\\/pl\\\/my-offer\\\/\"]}]},{\"@type\":\"ImageObject\",\"inLanguage\":\"pl-PL\",\"@id\":\"https:\\\/\\\/magdalenafabritius.com\\\/pl\\\/my-offer\\\/#primaryimage\",\"url\":\"https:\\\/\\\/magdalenafabritius.com\\\/wp-content\\\/uploads\\\/2023\\\/05\\\/magdalena_fabritius_7-min.jpg\",\"contentUrl\":\"https:\\\/\\\/magdalenafabritius.com\\\/wp-content\\\/uploads\\\/2023\\\/05\\\/magdalena_fabritius_7-min.jpg\"},{\"@type\":\"BreadcrumbList\",\"@id\":\"https:\\\/\\\/magdalenafabritius.com\\\/pl\\\/my-offer\\\/#breadcrumb\",\"itemListElement\":[{\"@type\":\"ListItem\",\"position\":1,\"name\":\"Home\",\"item\":\"https:\\\/\\\/magdalenafabritius.com\\\/pl\\\/\"},{\"@type\":\"ListItem\",\"position\":2,\"name\":\"Oferta\"}]},{\"@type\":\"WebSite\",\"@id\":\"https:\\\/\\\/magdalenafabritius.com\\\/pl\\\/#website\",\"url\":\"https:\\\/\\\/magdalenafabritius.com\\\/pl\\\/\",\"name\":\"Magdalena Fabritius\",\"description\":\"Good relationships\",\"publisher\":{\"@id\":\"https:\\\/\\\/magdalenafabritius.com\\\/pl\\\/#\\\/schema\\\/person\\\/cd7f84f38a7d7fdb03138b941b33e703\"},\"potentialAction\":[{\"@type\":\"SearchAction\",\"target\":{\"@type\":\"EntryPoint\",\"urlTemplate\":\"https:\\\/\\\/magdalenafabritius.com\\\/pl\\\/?s={search_term_string}\"},\"query-input\":{\"@type\":\"PropertyValueSpecification\",\"valueRequired\":true,\"valueName\":\"search_term_string\"}}],\"inLanguage\":\"pl-PL\"},{\"@type\":[\"Person\",\"Organization\"],\"@id\":\"https:\\\/\\\/magdalenafabritius.com\\\/pl\\\/#\\\/schema\\\/person\\\/cd7f84f38a7d7fdb03138b941b33e703\",\"name\":\"lena_adm\",\"image\":{\"@type\":\"ImageObject\",\"inLanguage\":\"pl-PL\",\"@id\":\"https:\\\/\\\/magdalenafabritius.com\\\/wp-content\\\/uploads\\\/2023\\\/04\\\/kwiatek5.svg\",\"url\":\"https:\\\/\\\/magdalenafabritius.com\\\/wp-content\\\/uploads\\\/2023\\\/04\\\/kwiatek5.svg\",\"contentUrl\":\"https:\\\/\\\/magdalenafabritius.com\\\/wp-content\\\/uploads\\\/2023\\\/04\\\/kwiatek5.svg\",\"width\":1,\"height\":1,\"caption\":\"lena_adm\"},\"logo\":{\"@id\":\"https:\\\/\\\/magdalenafabritius.com\\\/wp-content\\\/uploads\\\/2023\\\/04\\\/kwiatek5.svg\"}}]}<\/script>\n<!-- \/ Yoast SEO plugin. -->","yoast_head_json":{"title":"Oferta - Magdalena Fabritius","robots":{"index":"index","follow":"follow","max-snippet":"max-snippet:-1","max-image-preview":"max-image-preview:large","max-video-preview":"max-video-preview:-1"},"canonical":"https:\/\/magdalenafabritius.com\/pl\/my-offer\/","og_locale":"pl_PL","og_type":"article","og_title":"Oferta - Magdalena Fabritius","og_description":"Moja oferta","og_url":"https:\/\/magdalenafabritius.com\/pl\/my-offer\/","og_site_name":"Magdalena Fabritius","article_modified_time":"2024-11-21T19:30:59+00:00","og_image":[{"url":"https:\/\/magdalenafabritius.com\/wp-content\/uploads\/2023\/05\/magdalena_fabritius_7-min.jpg","type":"","width":"","height":""}],"twitter_card":"summary_large_image","schema":{"@context":"https:\/\/schema.org","@graph":[{"@type":"WebPage","@id":"https:\/\/magdalenafabritius.com\/pl\/my-offer\/","url":"https:\/\/magdalenafabritius.com\/pl\/my-offer\/","name":"Oferta - Magdalena Fabritius","isPartOf":{"@id":"https:\/\/magdalenafabritius.com\/pl\/#website"},"primaryImageOfPage":{"@id":"https:\/\/magdalenafabritius.com\/pl\/my-offer\/#primaryimage"},"image":{"@id":"https:\/\/magdalenafabritius.com\/pl\/my-offer\/#primaryimage"},"thumbnailUrl":"https:\/\/magdalenafabritius.com\/wp-content\/uploads\/2023\/05\/magdalena_fabritius_7-min.jpg","datePublished":"2023-04-05T05:57:49+00:00","dateModified":"2024-11-21T19:30:59+00:00","breadcrumb":{"@id":"https:\/\/magdalenafabritius.com\/pl\/my-offer\/#breadcrumb"},"inLanguage":"pl-PL","potentialAction":[{"@type":"ReadAction","target":["https:\/\/magdalenafabritius.com\/pl\/my-offer\/"]}]},{"@type":"ImageObject","inLanguage":"pl-PL","@id":"https:\/\/magdalenafabritius.com\/pl\/my-offer\/#primaryimage","url":"https:\/\/magdalenafabritius.com\/wp-content\/uploads\/2023\/05\/magdalena_fabritius_7-min.jpg","contentUrl":"https:\/\/magdalenafabritius.com\/wp-content\/uploads\/2023\/05\/magdalena_fabritius_7-min.jpg"},{"@type":"BreadcrumbList","@id":"https:\/\/magdalenafabritius.com\/pl\/my-offer\/#breadcrumb","itemListElement":[{"@type":"ListItem","position":1,"name":"Home","item":"https:\/\/magdalenafabritius.com\/pl\/"},{"@type":"ListItem","position":2,"name":"Oferta"}]},{"@type":"WebSite","@id":"https:\/\/magdalenafabritius.com\/pl\/#website","url":"https:\/\/magdalenafabritius.com\/pl\/","name":"Magdalena Fabritius","description":"Good relationships","publisher":{"@id":"https:\/\/magdalenafabritius.com\/pl\/#\/schema\/person\/cd7f84f38a7d7fdb03138b941b33e703"},"potentialAction":[{"@type":"SearchAction","target":{"@type":"EntryPoint","urlTemplate":"https:\/\/magdalenafabritius.com\/pl\/?s={search_term_string}"},"query-input":{"@type":"PropertyValueSpecification","valueRequired":true,"valueName":"search_term_string"}}],"inLanguage":"pl-PL"},{"@type":["Person","Organization"],"@id":"https:\/\/magdalenafabritius.com\/pl\/#\/schema\/person\/cd7f84f38a7d7fdb03138b941b33e703","name":"lena_adm","image":{"@type":"ImageObject","inLanguage":"pl-PL","@id":"https:\/\/magdalenafabritius.com\/wp-content\/uploads\/2023\/04\/kwiatek5.svg","url":"https:\/\/magdalenafabritius.com\/wp-content\/uploads\/2023\/04\/kwiatek5.svg","contentUrl":"https:\/\/magdalenafabritius.com\/wp-content\/uploads\/2023\/04\/kwiatek5.svg","width":1,"height":1,"caption":"lena_adm"},"logo":{"@id":"https:\/\/magdalenafabritius.com\/wp-content\/uploads\/2023\/04\/kwiatek5.svg"}}]}},"builder_content":"<h2 style=\"text-align: center;\">Moja oferta<\/h2>\n<p style=\"text-align: center;\">zobacz, jak mog\u0119 Ci pom\u00f3c<\/p>\n<a href=\"https:\/\/magdalenafabritius.com\/pl\/my-offer\/konsultacje-indywidualne\/\"> <img src=\"https:\/\/magdalenafabritius.com\/wp-content\/uploads\/2023\/05\/magdalena_fabritius_7-min.jpg\" title=\"Konsultacje indywidualne\" alt=\"Konsultacje indywidualne\" srcset=\"https:\/\/magdalenafabritius.com\/wp-content\/uploads\/2023\/05\/magdalena_fabritius_7-min.jpg 1920w, https:\/\/magdalenafabritius.com\/wp-content\/uploads\/2023\/05\/magdalena_fabritius_7-min-1024x683-300x200.jpg 300w, https:\/\/magdalenafabritius.com\/wp-content\/uploads\/2023\/05\/magdalena_fabritius_7-min-1024x683.jpg 1024w, https:\/\/magdalenafabritius.com\/wp-content\/uploads\/2023\/05\/magdalena_fabritius_7-min-768x512.jpg 768w, https:\/\/magdalenafabritius.com\/wp-content\/uploads\/2023\/05\/magdalena_fabritius_7-min-1536x1024.jpg 1536w, https:\/\/magdalenafabritius.com\/wp-content\/uploads\/2023\/05\/magdalena_fabritius_7-min-1024x683-380x253.jpg 380w\" sizes=\"(max-width: 1920px) 100vw, 1920px\" \/> <\/a> <h3> <a href=\"https:\/\/magdalenafabritius.com\/pl\/my-offer\/konsultacje-indywidualne\/\"> Konsultacje indywidualne <\/a> <\/h3>\n<a href=\"https:\/\/magdalenafabritius.com\/pl\/my-offer\/empathy-sessions\/\"> <img src=\"https:\/\/magdalenafabritius.com\/wp-content\/uploads\/2023\/05\/magdalena_fabritius_2-min.jpg\" title=\"Sesje empatii\" alt=\"Sesje empatii\" srcset=\"https:\/\/magdalenafabritius.com\/wp-content\/uploads\/2023\/05\/magdalena_fabritius_2-min.jpg 1920w, https:\/\/magdalenafabritius.com\/wp-content\/uploads\/2023\/05\/magdalena_fabritius_2-min-300x200.jpg 300w, https:\/\/magdalenafabritius.com\/wp-content\/uploads\/2023\/05\/magdalena_fabritius_2-min-1024x683.jpg 1024w, https:\/\/magdalenafabritius.com\/wp-content\/uploads\/2023\/05\/magdalena_fabritius_2-min-768x512.jpg 768w, https:\/\/magdalenafabritius.com\/wp-content\/uploads\/2023\/05\/magdalena_fabritius_2-min-1536x1024.jpg 1536w\" sizes=\"(max-width: 1920px) 100vw, 1920px\" \/> <\/a> <h3> <a href=\"https:\/\/magdalenafabritius.com\/pl\/my-offer\/empathy-sessions\/\"> Sesje empatii <\/a> <\/h3>\n<a href=\"https:\/\/magdalenafabritius.com\/pl\/my-offer\/mentoring-program\/\"> <img src=\"https:\/\/magdalenafabritius.com\/wp-content\/uploads\/2023\/05\/magdalena_fabritius_6-min.jpg\" title=\"Program mentoringowy\" alt=\"Program mentoringowy\" srcset=\"https:\/\/magdalenafabritius.com\/wp-content\/uploads\/2023\/05\/magdalena_fabritius_6-min.jpg 1920w, https:\/\/magdalenafabritius.com\/wp-content\/uploads\/2023\/05\/magdalena_fabritius_6-min-300x200.jpg 300w, https:\/\/magdalenafabritius.com\/wp-content\/uploads\/2023\/05\/magdalena_fabritius_6-min-1024x683.jpg 1024w, https:\/\/magdalenafabritius.com\/wp-content\/uploads\/2023\/05\/magdalena_fabritius_6-min-768x512.jpg 768w, https:\/\/magdalenafabritius.com\/wp-content\/uploads\/2023\/05\/magdalena_fabritius_6-min-1536x1024.jpg 1536w\" sizes=\"(max-width: 1920px) 100vw, 1920px\" \/> <\/a> <h3> <a href=\"https:\/\/magdalenafabritius.com\/pl\/my-offer\/mentoring-program\/\"> Program mentoringowy <\/a> <\/h3>\n<a href=\"https:\/\/magdalenafabritius.com\/pl\/warsztaty-szkolenia\/\"> <img src=\"https:\/\/magdalenafabritius.com\/wp-content\/uploads\/2023\/05\/magdalena_fabritius_5-min.jpg\" title=\"Warsztaty\/szkolenia\" alt=\"Warsztaty\/szkolenia\" srcset=\"https:\/\/magdalenafabritius.com\/wp-content\/uploads\/2023\/05\/magdalena_fabritius_5-min.jpg 1920w, https:\/\/magdalenafabritius.com\/wp-content\/uploads\/2023\/05\/magdalena_fabritius_5-min-300x200.jpg 300w, https:\/\/magdalenafabritius.com\/wp-content\/uploads\/2023\/05\/magdalena_fabritius_5-min-1024x683.jpg 1024w, https:\/\/magdalenafabritius.com\/wp-content\/uploads\/2023\/05\/magdalena_fabritius_5-min-768x512.jpg 768w, https:\/\/magdalenafabritius.com\/wp-content\/uploads\/2023\/05\/magdalena_fabritius_5-min-1536x1024.jpg 1536w\" sizes=\"(max-width: 1920px) 100vw, 1920px\" \/> <\/a> <h3> <a href=\"https:\/\/magdalenafabritius.com\/pl\/warsztaty-szkolenia\/\"> Warsztaty\/szkolenia <\/a> <\/h3>\n[themify_layout_part id=\"1718\"]","_links":{"self":[{"href":"https:\/\/magdalenafabritius.com\/pl\/wp-json\/wp\/v2\/pages\/1496","targetHints":{"allow":["GET"]}}],"collection":[{"href":"https:\/\/magdalenafabritius.com\/pl\/wp-json\/wp\/v2\/pages"}],"about":[{"href":"https:\/\/magdalenafabritius.com\/pl\/wp-json\/wp\/v2\/types\/page"}],"author":[{"embeddable":true,"href":"https:\/\/magdalenafabritius.com\/pl\/wp-json\/wp\/v2\/users\/1"}],"replies":[{"embeddable":true,"href":"https:\/\/magdalenafabritius.com\/pl\/wp-json\/wp\/v2\/comments?post=1496"}],"version-history":[{"count":10,"href":"https:\/\/magdalenafabritius.com\/pl\/wp-json\/wp\/v2\/pages\/1496\/revisions"}],"predecessor-version":[{"id":2444,"href":"https:\/\/magdalenafabritius.com\/pl\/wp-json\/wp\/v2\/pages\/1496\/revisions\/2444"}],"wp:attachment":[{"href":"https:\/\/magdalenafabritius.com\/pl\/wp-json\/wp\/v2\/media?parent=1496"}],"curies":[{"name":"wp","href":"https:\/\/api.w.org\/{rel}","templated":true}]}}