{"id":1531,"date":"2024-02-14T13:08:09","date_gmt":"2024-02-14T12:08:09","guid":{"rendered":"https:\/\/magdalenafabritius.com\/?page_id=1531"},"modified":"2024-02-15T21:54:41","modified_gmt":"2024-02-15T20:54:41","slug":"warsztaty-szkolenia","status":"publish","type":"page","link":"https:\/\/magdalenafabritius.com\/pl\/warsztaty-szkolenia\/","title":{"rendered":"Warsztaty\/szkolenia"},"content":{"rendered":"<!--themify_builder_content-->\n<div id=\"themify_builder_content-1531\" data-postid=\"1531\" class=\"themify_builder_content themify_builder_content-1531 themify_builder tf_clear\">\n                    <div  data-lazy=\"1\" class=\"module_row themify_builder_row tb_moj2368 tb_first tf_w\">\n                        <div class=\"row_inner col_align_top tb_col_count_1 tf_box tf_rel\">\n                        <div  data-lazy=\"1\" class=\"module_column tb-column col-full tb_rxrq369 first\">\n                    <!-- module text -->\n<div  class=\"module module-text tb_5e5z369   \" data-lazy=\"1\">\n        <div  class=\"tb_text_wrap\">\n        <p style=\"text-align: center;\"><a href=\"https:\/\/magdalenafabritius.com\/pl\/my-offer\/\">OFERTA<\/a><\/p>\n    <\/div>\n<\/div>\n<!-- \/module text --><!-- module text -->\n<div  class=\"module module-text tb_axzl369   \" data-lazy=\"1\">\n        <div  class=\"tb_text_wrap\">\n        <h2 style=\"text-align: center;\">Czu\u0142e warsztaty rozwojowe<\/h2>    <\/div>\n<\/div>\n<!-- \/module text --><!-- module text -->\n<div  class=\"module module-text tb_scwt984   \" data-lazy=\"1\">\n        <div  class=\"tb_text_wrap\">\n        <p style=\"text-align: center;\">Cykl warsztat\u00f3w, dzi\u0119ki kt\u00f3rym stworzysz dom pe\u0142en czu\u0142o\u015bci, spokoju i dobrych relacji ze sob\u0105 i twoimi bliskimi.<\/p>    <\/div>\n<\/div>\n<!-- \/module text -->        <\/div>\n                        <\/div>\n        <\/div>\n                        <div  data-lazy=\"1\" class=\"module_row themify_builder_row tb_enlh970 tf_w\">\n                        <div class=\"row_inner col_align_middle tb_col_count_2 tf_box tf_rel\">\n                        <div  data-lazy=\"1\" class=\"module_column tb-column col4-2 tb_revx970 first\">\n                    <!-- module text -->\n<div  class=\"module module-text tb_5o2s450 box1  \" data-lazy=\"1\">\n        <div  class=\"tb_text_wrap\">\n        <p style=\"text-align: left;\">Rozw\u00f3j to pi\u0119kny proces odkrywania tego, co w nas \u017cywe i obecne. Nie wydarza si\u0119 w jeden dzie\u0144, jest cykliczny, tw\u00f3rczy, czasem spokojny, a czasem burzliwy i pe\u0142en prze\u0142om\u00f3w. Pi\u0119knym sposobem pracy rozwojowej s\u0105 w\u0142a\u015bnie warsztaty.<\/p>\n<p style=\"text-align: left;\">Podstaw\u0105 mojej pracy z kobietami jest czu\u0142o\u015b\u0107, empatia i pe\u0142ne akceptacji zaanga\u017cowanie. To r\u00f3wnie\u017c\u00a0 efekt moich w\u0142asnych poszukiwa\u0144 i pragnie\u0144 stworzenia czu\u0142ego domu i relacji pe\u0142nych rado\u015bci, \u017cyczliwo\u015bci i empatii. Wynikiem tych poszukiwa\u0144, osobistych przemian i do\u015bwiadczenia pracy psychologicznej, jest cykl warsztat\u00f3w, dzi\u0119ki kt\u00f3remu stworzysz pe\u0142en czu\u0142o\u015bci dom i pe\u0142ne szacunku relacje ze sob\u0105 i bliskimi sobie osobami.<\/p>    <\/div>\n<\/div>\n<!-- \/module text -->        <\/div>\n                    <div  data-lazy=\"1\" class=\"module_column tb-column col4-2 tb_6svr970 last\">\n                    <!-- module image -->\n<div  class=\"module module-image tb_p3ae970 image-top   tf_mw\" data-lazy=\"1\">\n        <div class=\"image-wrap tf_rel tf_mw\">\n            <img loading=\"lazy\" decoding=\"async\" width=\"1920\" height=\"1280\" src=\"https:\/\/magdalenafabritius.com\/wp-content\/uploads\/2023\/05\/magdalena_fabritius_11-min.jpg\" class=\"wp-post-image wp-image-1460\" title=\"magdalena_fabritius_11-min\" alt=\"magdalena_fabritius_11-min\" srcset=\"https:\/\/magdalenafabritius.com\/wp-content\/uploads\/2023\/05\/magdalena_fabritius_11-min.jpg 1920w, https:\/\/magdalenafabritius.com\/wp-content\/uploads\/2023\/05\/magdalena_fabritius_11-min-300x200.jpg 300w, https:\/\/magdalenafabritius.com\/wp-content\/uploads\/2023\/05\/magdalena_fabritius_11-min-1024x683.jpg 1024w, https:\/\/magdalenafabritius.com\/wp-content\/uploads\/2023\/05\/magdalena_fabritius_11-min-768x512.jpg 768w, https:\/\/magdalenafabritius.com\/wp-content\/uploads\/2023\/05\/magdalena_fabritius_11-min-1536x1024.jpg 1536w\" sizes=\"auto, (max-width: 1920px) 100vw, 1920px\" \/>    \n        <\/div>\n    <!-- \/image-wrap -->\n    \n        <\/div>\n<!-- \/module image -->        <\/div>\n                        <\/div>\n        <\/div>\n                        <div  data-lazy=\"1\" class=\"module_row themify_builder_row tb_0gqk449 tf_w\">\n            <span  class=\"builder_row_cover tf_abs\" data-lazy=\"1\"><\/span>            <div class=\"row_inner col_align_top tb_col_count_1 tf_box tf_rel\">\n                        <div  data-lazy=\"1\" class=\"module_column tb-column col-full tb_dyjq450 first\">\n                    <!-- module text -->\n<div  class=\"module module-text tb_m5nj194   \" data-lazy=\"1\">\n        <div  class=\"tb_text_wrap\">\n        <h2 style=\"text-align: center;\">4 warsztaty tworz\u0105 pe\u0142en cykl i odbywaj\u0105 si\u0119 na przestrzeni ca\u0142ego roku.<\/h2>    <\/div>\n<\/div>\n<!-- \/module text --><!-- module text -->\n<div  class=\"module module-text tb_7m74328 box2  \" data-lazy=\"1\">\n        <div  class=\"tb_text_wrap\">\n        <p style=\"text-align: center;\">Ka\u017cdy warsztat jest odr\u0119bn\u0105 ca\u0142o\u015bci\u0105 i dotyczy konkretnego tematu z zakresu tworzenia dobrych relacji: relacja z sam\u0105 sob\u0105, relacja z partnerem, relacja z dzie\u0107mi i relacja z twoim wewn\u0119trznym domem. A jednocze\u015bnie 4 warsztaty tworz\u0105 proces, dzi\u0119ki kt\u00f3remu zg\u0142\u0119bisz temat czu\u0142ego domu, dobrych rodzinnych relacji i empatycznej komunikacji, kt\u00f3ra tak naprawd\u0119 jest narz\u0119dziem do pe\u0142nego \u017cyczliwo\u015bci i rado\u015bci \u017cycia.<\/p>    <\/div>\n<\/div>\n<!-- \/module text -->        <\/div>\n                        <\/div>\n        <\/div>\n                        <div  data-lazy=\"1\" class=\"module_row themify_builder_row tb_edwa348 tf_w\">\n                        <div class=\"row_inner col_align_top tb_col_count_1 tf_box tf_rel\">\n                        <div  data-lazy=\"1\" class=\"module_column tb-column col-full tb_gz78348 first\">\n                            <div  data-lazy=\"1\" class=\"module_subrow themify_builder_sub_row tf_w col_align_top tb_col_count_2 tb_g2sv121\">\n                <div  data-lazy=\"1\" class=\"module_column sub_column col4-2 tb_jdj1122 first\">\n                    <!-- module text -->\n<div  class=\"module module-text tb_o5ag468  repeat \" data-lazy=\"1\">\n        <div  class=\"tb_text_wrap\">\n        <h4 style=\"text-align: center;\"><strong>WARSZTAT 1<\/strong><\/h4>\n<h3 style=\"text-align: center;\">Czu\u0142a kobieta &#8211; Moja droga do empatii i \u017cyczliwo\u015bci wobec samej siebie.<\/h3>\n<p style=\"text-align: center;\">Planowany termin Kwiecie\u0144 2024<\/p>    <\/div>\n<\/div>\n<!-- \/module text --><!-- module text -->\n<div  class=\"module module-text tb_t5ph738  repeat \" data-lazy=\"1\">\n        <div  class=\"tb_text_wrap\">\n        <h4 style=\"text-align: center;\"><strong>WARSZTAT 3<\/strong><\/h4>\n<h3 style=\"text-align: center;\">Pe\u0142na empatii droga do przyj\u0119cia mojego zwi\u0105zku. Do odkrycia potrzeb, wyznaczenia granic, poszanowania odmienno\u015bci i pozwolenia sobie na przyjmowanie.<\/h3>\n<p style=\"text-align: center;\">Planowany termin Wrzesie\u0144 2024<\/p>    <\/div>\n<\/div>\n<!-- \/module text -->        <\/div>\n                    <div  data-lazy=\"1\" class=\"module_column sub_column col4-2 tb_ne5n122 last\">\n                    <!-- module text -->\n<div  class=\"module module-text tb_3ojr102  repeat \" data-lazy=\"1\">\n        <div  class=\"tb_text_wrap\">\n        <h4 style=\"text-align: center;\"><strong>WARSZTAT 2<\/strong><\/h4>\n<h3 style=\"text-align: center;\">Z czu\u0142o\u015bci\u0105 do siebie i z czu\u0142o\u015bci\u0105 do dziecka &#8211; \u015bwiadoma droga do autentycznych i pe\u0142nych szacunku relacji z moimi dzie\u0107mi.<\/h3>\n<p style=\"text-align: center;\">Planowany termin Czerwiec 2024<\/p>    <\/div>\n<\/div>\n<!-- \/module text --><!-- module text -->\n<div  class=\"module module-text tb_054z470  repeat \" data-lazy=\"1\">\n        <div  class=\"tb_text_wrap\">\n        <h4 style=\"text-align: center;\"><strong>WARSZTAT 4<\/strong><\/h4>\n<h3 style=\"text-align: center;\">M\u00f3j czu\u0142y dom &#8211; tworz\u0119 miejsce pe\u0142ne dobrych relacji i pe\u0142ne wszystkiego, co kocham i na co zas\u0142uguj\u0119.<\/h3>\n<p style=\"text-align: center;\">Planowany termin Listopad 2024<\/p>    <\/div>\n<\/div>\n<!-- \/module text -->        <\/div>\n                    <\/div>\n                <\/div>\n                        <\/div>\n        <\/div>\n                        <div  data-lazy=\"1\" class=\"module_row themify_builder_row tb_8qwk881 tf_w\">\n                        <div class=\"row_inner col_align_top tb_col_count_1 tf_box tf_rel\">\n                        <div  data-lazy=\"1\" class=\"module_column tb-column col-full tb_2mbj881 first\">\n                    <!-- module image -->\n<div  class=\"module module-image tb_yaao881 image-center   tf_mw\" data-lazy=\"1\">\n        <div class=\"image-wrap tf_rel tf_mw\">\n            <img decoding=\"async\" src=\"https:\/\/magdalenafabritius.com\/wp-content\/uploads\/2023\/04\/kwiatek2.svg\" width=\"90\" class=\"wp-post-image wp-image-1435\" title=\"kwiatek2\" alt=\"kwiatek2\">    \n        <\/div>\n    <!-- \/image-wrap -->\n    \n        <\/div>\n<!-- \/module image --><!-- module text -->\n<div  class=\"module module-text tb_r966881 box2  \" data-lazy=\"1\">\n        <div  class=\"tb_text_wrap\">\n        <h2 style=\"text-align: center;\">Zapisz si\u0119 na najbli\u017cszy warsztat i zacznij tworzy\u0107 dom pe\u0142en czu\u0142o\u015bci i dobrych relacji.<\/h2>    <\/div>\n<\/div>\n<!-- \/module text --><!-- module text -->\n<div  class=\"module module-text tb_im8m881 box2  \" data-lazy=\"1\">\n        <div  class=\"tb_text_wrap\">\n        <p style=\"text-align: center;\">Je\u015bli chcesz by\u0107 na bie\u017c\u0105co i otrzymywa\u0107 informacje o terminach kolejnych planowanych warsztat\u00f3w, to zapisz si\u0119 na m\u00f3j czu\u0142y newsletter. Dodatkowo przy zapisie w prezencie ode mnie otrzymasz ebook: <strong>Jak skutecznie sobie radzi\u0107 z silnymi emocjami i wybuchami z\u0142o\u015bci<\/strong>.<\/p>    <\/div>\n<\/div>\n<!-- \/module text --><!-- module plain text -->\n<div  class=\"module module-plain-text tb_i3f7171 \" data-lazy=\"1\">\n        <div class=\"tb_text_wrap\">\n    <div class=\"ml-embedded\" data-form=\"Pu6hLo\"><\/div>    <\/div>\n<\/div>\n<!-- \/module plain text -->        <\/div>\n                        <\/div>\n        <\/div>\n        <\/div>\n<!--\/themify_builder_content-->","protected":false},"excerpt":{"rendered":"<p>OFERTA<\/p>\n","protected":false},"author":1,"featured_media":0,"parent":0,"menu_order":0,"comment_status":"closed","ping_status":"closed","template":"","meta":{"footnotes":""},"class_list":["post-1531","page","type-page","status-publish","hentry","has-post-title","has-post-date","has-post-category","has-post-tag","has-post-comment","has-post-author",""],"yoast_head":"<!-- This site is optimized with the Yoast SEO plugin v27.4 - https:\/\/yoast.com\/product\/yoast-seo-wordpress\/ -->\n<title>Warsztaty\/szkolenia - Magdalena Fabritius<\/title>\n<meta name=\"robots\" content=\"index, follow, max-snippet:-1, max-image-preview:large, max-video-preview:-1\" \/>\n<link rel=\"canonical\" href=\"https:\/\/magdalenafabritius.com\/pl\/warsztaty-szkolenia\/\" \/>\n<meta property=\"og:locale\" content=\"pl_PL\" \/>\n<meta property=\"og:type\" content=\"article\" \/>\n<meta property=\"og:title\" content=\"Warsztaty\/szkolenia - Magdalena Fabritius\" \/>\n<meta property=\"og:description\" content=\"OFERTA\" \/>\n<meta property=\"og:url\" content=\"https:\/\/magdalenafabritius.com\/pl\/warsztaty-szkolenia\/\" \/>\n<meta property=\"og:site_name\" content=\"Magdalena Fabritius\" \/>\n<meta property=\"article:modified_time\" content=\"2024-02-15T20:54:41+00:00\" \/>\n<meta name=\"twitter:card\" content=\"summary_large_image\" \/>\n<script type=\"application\/ld+json\" class=\"yoast-schema-graph\">{\"@context\":\"https:\\\/\\\/schema.org\",\"@graph\":[{\"@type\":\"WebPage\",\"@id\":\"https:\\\/\\\/magdalenafabritius.com\\\/pl\\\/warsztaty-szkolenia\\\/\",\"url\":\"https:\\\/\\\/magdalenafabritius.com\\\/pl\\\/warsztaty-szkolenia\\\/\",\"name\":\"Warsztaty\\\/szkolenia - Magdalena Fabritius\",\"isPartOf\":{\"@id\":\"https:\\\/\\\/magdalenafabritius.com\\\/pl\\\/#website\"},\"primaryImageOfPage\":{\"@id\":\"https:\\\/\\\/magdalenafabritius.com\\\/pl\\\/warsztaty-szkolenia\\\/#primaryimage\"},\"image\":{\"@id\":\"https:\\\/\\\/magdalenafabritius.com\\\/pl\\\/warsztaty-szkolenia\\\/#primaryimage\"},\"thumbnailUrl\":\"https:\\\/\\\/magdalenafabritius.com\\\/wp-content\\\/uploads\\\/2023\\\/05\\\/magdalena_fabritius_11-min.jpg\",\"datePublished\":\"2024-02-14T12:08:09+00:00\",\"dateModified\":\"2024-02-15T20:54:41+00:00\",\"breadcrumb\":{\"@id\":\"https:\\\/\\\/magdalenafabritius.com\\\/pl\\\/warsztaty-szkolenia\\\/#breadcrumb\"},\"inLanguage\":\"pl-PL\",\"potentialAction\":[{\"@type\":\"ReadAction\",\"target\":[\"https:\\\/\\\/magdalenafabritius.com\\\/pl\\\/warsztaty-szkolenia\\\/\"]}]},{\"@type\":\"ImageObject\",\"inLanguage\":\"pl-PL\",\"@id\":\"https:\\\/\\\/magdalenafabritius.com\\\/pl\\\/warsztaty-szkolenia\\\/#primaryimage\",\"url\":\"https:\\\/\\\/magdalenafabritius.com\\\/wp-content\\\/uploads\\\/2023\\\/05\\\/magdalena_fabritius_11-min.jpg\",\"contentUrl\":\"https:\\\/\\\/magdalenafabritius.com\\\/wp-content\\\/uploads\\\/2023\\\/05\\\/magdalena_fabritius_11-min.jpg\"},{\"@type\":\"BreadcrumbList\",\"@id\":\"https:\\\/\\\/magdalenafabritius.com\\\/pl\\\/warsztaty-szkolenia\\\/#breadcrumb\",\"itemListElement\":[{\"@type\":\"ListItem\",\"position\":1,\"name\":\"Home\",\"item\":\"https:\\\/\\\/magdalenafabritius.com\\\/pl\\\/\"},{\"@type\":\"ListItem\",\"position\":2,\"name\":\"Warsztaty\\\/szkolenia\"}]},{\"@type\":\"WebSite\",\"@id\":\"https:\\\/\\\/magdalenafabritius.com\\\/pl\\\/#website\",\"url\":\"https:\\\/\\\/magdalenafabritius.com\\\/pl\\\/\",\"name\":\"Magdalena Fabritius\",\"description\":\"Good relationships\",\"publisher\":{\"@id\":\"https:\\\/\\\/magdalenafabritius.com\\\/pl\\\/#\\\/schema\\\/person\\\/cd7f84f38a7d7fdb03138b941b33e703\"},\"potentialAction\":[{\"@type\":\"SearchAction\",\"target\":{\"@type\":\"EntryPoint\",\"urlTemplate\":\"https:\\\/\\\/magdalenafabritius.com\\\/pl\\\/?s={search_term_string}\"},\"query-input\":{\"@type\":\"PropertyValueSpecification\",\"valueRequired\":true,\"valueName\":\"search_term_string\"}}],\"inLanguage\":\"pl-PL\"},{\"@type\":[\"Person\",\"Organization\"],\"@id\":\"https:\\\/\\\/magdalenafabritius.com\\\/pl\\\/#\\\/schema\\\/person\\\/cd7f84f38a7d7fdb03138b941b33e703\",\"name\":\"lena_adm\",\"image\":{\"@type\":\"ImageObject\",\"inLanguage\":\"pl-PL\",\"@id\":\"https:\\\/\\\/magdalenafabritius.com\\\/wp-content\\\/uploads\\\/2023\\\/04\\\/kwiatek5.svg\",\"url\":\"https:\\\/\\\/magdalenafabritius.com\\\/wp-content\\\/uploads\\\/2023\\\/04\\\/kwiatek5.svg\",\"contentUrl\":\"https:\\\/\\\/magdalenafabritius.com\\\/wp-content\\\/uploads\\\/2023\\\/04\\\/kwiatek5.svg\",\"width\":1,\"height\":1,\"caption\":\"lena_adm\"},\"logo\":{\"@id\":\"https:\\\/\\\/magdalenafabritius.com\\\/wp-content\\\/uploads\\\/2023\\\/04\\\/kwiatek5.svg\"}}]}<\/script>\n<!-- \/ Yoast SEO plugin. -->","yoast_head_json":{"title":"Warsztaty\/szkolenia - Magdalena Fabritius","robots":{"index":"index","follow":"follow","max-snippet":"max-snippet:-1","max-image-preview":"max-image-preview:large","max-video-preview":"max-video-preview:-1"},"canonical":"https:\/\/magdalenafabritius.com\/pl\/warsztaty-szkolenia\/","og_locale":"pl_PL","og_type":"article","og_title":"Warsztaty\/szkolenia - Magdalena Fabritius","og_description":"OFERTA","og_url":"https:\/\/magdalenafabritius.com\/pl\/warsztaty-szkolenia\/","og_site_name":"Magdalena Fabritius","article_modified_time":"2024-02-15T20:54:41+00:00","twitter_card":"summary_large_image","schema":{"@context":"https:\/\/schema.org","@graph":[{"@type":"WebPage","@id":"https:\/\/magdalenafabritius.com\/pl\/warsztaty-szkolenia\/","url":"https:\/\/magdalenafabritius.com\/pl\/warsztaty-szkolenia\/","name":"Warsztaty\/szkolenia - Magdalena Fabritius","isPartOf":{"@id":"https:\/\/magdalenafabritius.com\/pl\/#website"},"primaryImageOfPage":{"@id":"https:\/\/magdalenafabritius.com\/pl\/warsztaty-szkolenia\/#primaryimage"},"image":{"@id":"https:\/\/magdalenafabritius.com\/pl\/warsztaty-szkolenia\/#primaryimage"},"thumbnailUrl":"https:\/\/magdalenafabritius.com\/wp-content\/uploads\/2023\/05\/magdalena_fabritius_11-min.jpg","datePublished":"2024-02-14T12:08:09+00:00","dateModified":"2024-02-15T20:54:41+00:00","breadcrumb":{"@id":"https:\/\/magdalenafabritius.com\/pl\/warsztaty-szkolenia\/#breadcrumb"},"inLanguage":"pl-PL","potentialAction":[{"@type":"ReadAction","target":["https:\/\/magdalenafabritius.com\/pl\/warsztaty-szkolenia\/"]}]},{"@type":"ImageObject","inLanguage":"pl-PL","@id":"https:\/\/magdalenafabritius.com\/pl\/warsztaty-szkolenia\/#primaryimage","url":"https:\/\/magdalenafabritius.com\/wp-content\/uploads\/2023\/05\/magdalena_fabritius_11-min.jpg","contentUrl":"https:\/\/magdalenafabritius.com\/wp-content\/uploads\/2023\/05\/magdalena_fabritius_11-min.jpg"},{"@type":"BreadcrumbList","@id":"https:\/\/magdalenafabritius.com\/pl\/warsztaty-szkolenia\/#breadcrumb","itemListElement":[{"@type":"ListItem","position":1,"name":"Home","item":"https:\/\/magdalenafabritius.com\/pl\/"},{"@type":"ListItem","position":2,"name":"Warsztaty\/szkolenia"}]},{"@type":"WebSite","@id":"https:\/\/magdalenafabritius.com\/pl\/#website","url":"https:\/\/magdalenafabritius.com\/pl\/","name":"Magdalena Fabritius","description":"Good relationships","publisher":{"@id":"https:\/\/magdalenafabritius.com\/pl\/#\/schema\/person\/cd7f84f38a7d7fdb03138b941b33e703"},"potentialAction":[{"@type":"SearchAction","target":{"@type":"EntryPoint","urlTemplate":"https:\/\/magdalenafabritius.com\/pl\/?s={search_term_string}"},"query-input":{"@type":"PropertyValueSpecification","valueRequired":true,"valueName":"search_term_string"}}],"inLanguage":"pl-PL"},{"@type":["Person","Organization"],"@id":"https:\/\/magdalenafabritius.com\/pl\/#\/schema\/person\/cd7f84f38a7d7fdb03138b941b33e703","name":"lena_adm","image":{"@type":"ImageObject","inLanguage":"pl-PL","@id":"https:\/\/magdalenafabritius.com\/wp-content\/uploads\/2023\/04\/kwiatek5.svg","url":"https:\/\/magdalenafabritius.com\/wp-content\/uploads\/2023\/04\/kwiatek5.svg","contentUrl":"https:\/\/magdalenafabritius.com\/wp-content\/uploads\/2023\/04\/kwiatek5.svg","width":1,"height":1,"caption":"lena_adm"},"logo":{"@id":"https:\/\/magdalenafabritius.com\/wp-content\/uploads\/2023\/04\/kwiatek5.svg"}}]}},"builder_content":"<p style=\"text-align: center;\"><a href=\"https:\/\/magdalenafabritius.com\/pl\/my-offer\/\">OFERTA<\/a><\/p>\n<h2 style=\"text-align: center;\">Czu\u0142e warsztaty rozwojowe<\/h2>\n<p style=\"text-align: center;\">Cykl warsztat\u00f3w, dzi\u0119ki kt\u00f3rym stworzysz dom pe\u0142en czu\u0142o\u015bci, spokoju i dobrych relacji ze sob\u0105 i twoimi bliskimi.<\/p>\n<p style=\"text-align: left;\">Rozw\u00f3j to pi\u0119kny proces odkrywania tego, co w nas \u017cywe i obecne. Nie wydarza si\u0119 w jeden dzie\u0144, jest cykliczny, tw\u00f3rczy, czasem spokojny, a czasem burzliwy i pe\u0142en prze\u0142om\u00f3w. Pi\u0119knym sposobem pracy rozwojowej s\u0105 w\u0142a\u015bnie warsztaty.<\/p> <p style=\"text-align: left;\">Podstaw\u0105 mojej pracy z kobietami jest czu\u0142o\u015b\u0107, empatia i pe\u0142ne akceptacji zaanga\u017cowanie. To r\u00f3wnie\u017c\u00a0 efekt moich w\u0142asnych poszukiwa\u0144 i pragnie\u0144 stworzenia czu\u0142ego domu i relacji pe\u0142nych rado\u015bci, \u017cyczliwo\u015bci i empatii. Wynikiem tych poszukiwa\u0144, osobistych przemian i do\u015bwiadczenia pracy psychologicznej, jest cykl warsztat\u00f3w, dzi\u0119ki kt\u00f3remu stworzysz pe\u0142en czu\u0142o\u015bci dom i pe\u0142ne szacunku relacje ze sob\u0105 i bliskimi sobie osobami.<\/p>\n<img src=\"https:\/\/magdalenafabritius.com\/wp-content\/uploads\/2023\/05\/magdalena_fabritius_11-min.jpg\" title=\"magdalena_fabritius_11-min\" alt=\"magdalena_fabritius_11-min\" srcset=\"https:\/\/magdalenafabritius.com\/wp-content\/uploads\/2023\/05\/magdalena_fabritius_11-min.jpg 1920w, https:\/\/magdalenafabritius.com\/wp-content\/uploads\/2023\/05\/magdalena_fabritius_11-min-300x200.jpg 300w, https:\/\/magdalenafabritius.com\/wp-content\/uploads\/2023\/05\/magdalena_fabritius_11-min-1024x683.jpg 1024w, https:\/\/magdalenafabritius.com\/wp-content\/uploads\/2023\/05\/magdalena_fabritius_11-min-768x512.jpg 768w, https:\/\/magdalenafabritius.com\/wp-content\/uploads\/2023\/05\/magdalena_fabritius_11-min-1536x1024.jpg 1536w\" sizes=\"(max-width: 1920px) 100vw, 1920px\" \/>\n<h2 style=\"text-align: center;\">4 warsztaty tworz\u0105 pe\u0142en cykl i odbywaj\u0105 si\u0119 na przestrzeni ca\u0142ego roku.<\/h2>\n<p style=\"text-align: center;\">Ka\u017cdy warsztat jest odr\u0119bn\u0105 ca\u0142o\u015bci\u0105 i dotyczy konkretnego tematu z zakresu tworzenia dobrych relacji: relacja z sam\u0105 sob\u0105, relacja z partnerem, relacja z dzie\u0107mi i relacja z twoim wewn\u0119trznym domem. A jednocze\u015bnie 4 warsztaty tworz\u0105 proces, dzi\u0119ki kt\u00f3remu zg\u0142\u0119bisz temat czu\u0142ego domu, dobrych rodzinnych relacji i empatycznej komunikacji, kt\u00f3ra tak naprawd\u0119 jest narz\u0119dziem do pe\u0142nego \u017cyczliwo\u015bci i rado\u015bci \u017cycia.<\/p>\n<h4 style=\"text-align: center;\"><strong>WARSZTAT 1<\/strong><\/h4> <h3 style=\"text-align: center;\">Czu\u0142a kobieta - Moja droga do empatii i \u017cyczliwo\u015bci wobec samej siebie.<\/h3> <p style=\"text-align: center;\">Planowany termin Kwiecie\u0144 2024<\/p>\n<h4 style=\"text-align: center;\"><strong>WARSZTAT 3<\/strong><\/h4> <h3 style=\"text-align: center;\">Pe\u0142na empatii droga do przyj\u0119cia mojego zwi\u0105zku. Do odkrycia potrzeb, wyznaczenia granic, poszanowania odmienno\u015bci i pozwolenia sobie na przyjmowanie.<\/h3> <p style=\"text-align: center;\">Planowany termin Wrzesie\u0144 2024<\/p>\n<h4 style=\"text-align: center;\"><strong>WARSZTAT 2<\/strong><\/h4> <h3 style=\"text-align: center;\">Z czu\u0142o\u015bci\u0105 do siebie i z czu\u0142o\u015bci\u0105 do dziecka - \u015bwiadoma droga do autentycznych i pe\u0142nych szacunku relacji z moimi dzie\u0107mi.<\/h3> <p style=\"text-align: center;\">Planowany termin Czerwiec 2024<\/p>\n<h4 style=\"text-align: center;\"><strong>WARSZTAT 4<\/strong><\/h4> <h3 style=\"text-align: center;\">M\u00f3j czu\u0142y dom - tworz\u0119 miejsce pe\u0142ne dobrych relacji i pe\u0142ne wszystkiego, co kocham i na co zas\u0142uguj\u0119.<\/h3> <p style=\"text-align: center;\">Planowany termin Listopad 2024<\/p>\n<img src=\"https:\/\/magdalenafabritius.com\/wp-content\/uploads\/2023\/04\/kwiatek2.svg\" width=\"90\" title=\"kwiatek2\" alt=\"kwiatek2\">\n<h2 style=\"text-align: center;\">Zapisz si\u0119 na najbli\u017cszy warsztat i zacznij tworzy\u0107 dom pe\u0142en czu\u0142o\u015bci i dobrych relacji.<\/h2>\n<p style=\"text-align: center;\">Je\u015bli chcesz by\u0107 na bie\u017c\u0105co i otrzymywa\u0107 informacje o terminach kolejnych planowanych warsztat\u00f3w, to zapisz si\u0119 na m\u00f3j czu\u0142y newsletter. Dodatkowo przy zapisie w prezencie ode mnie otrzymasz ebook: <strong>Jak skutecznie sobie radzi\u0107 z silnymi emocjami i wybuchami z\u0142o\u015bci<\/strong>.<\/p>\n","_links":{"self":[{"href":"https:\/\/magdalenafabritius.com\/pl\/wp-json\/wp\/v2\/pages\/1531","targetHints":{"allow":["GET"]}}],"collection":[{"href":"https:\/\/magdalenafabritius.com\/pl\/wp-json\/wp\/v2\/pages"}],"about":[{"href":"https:\/\/magdalenafabritius.com\/pl\/wp-json\/wp\/v2\/types\/page"}],"author":[{"embeddable":true,"href":"https:\/\/magdalenafabritius.com\/pl\/wp-json\/wp\/v2\/users\/1"}],"replies":[{"embeddable":true,"href":"https:\/\/magdalenafabritius.com\/pl\/wp-json\/wp\/v2\/comments?post=1531"}],"version-history":[{"count":17,"href":"https:\/\/magdalenafabritius.com\/pl\/wp-json\/wp\/v2\/pages\/1531\/revisions"}],"predecessor-version":[{"id":1735,"href":"https:\/\/magdalenafabritius.com\/pl\/wp-json\/wp\/v2\/pages\/1531\/revisions\/1735"}],"wp:attachment":[{"href":"https:\/\/magdalenafabritius.com\/pl\/wp-json\/wp\/v2\/media?parent=1531"}],"curies":[{"name":"wp","href":"https:\/\/api.w.org\/{rel}","templated":true}]}}